{"id":795,"date":"2025-12-07T16:25:23","date_gmt":"2025-12-07T15:25:23","guid":{"rendered":"https:\/\/shino-miniatures.fr\/ecom\/?post_type=product&#038;p=795"},"modified":"2026-04-28T01:09:44","modified_gmt":"2026-04-27T23:09:44","slug":"a-la-demande","status":"publish","type":"product","link":"https:\/\/shino-miniatures.fr\/ecom\/produit\/a-la-demande\/","title":{"rendered":"A la demande &#8211; impression"},"content":{"rendered":"<p>Proc\u00e9dure :<br \/>\n1. Cr\u00e9er un compte sur ce site (avec nom et adresse postale).<br \/>\n2. Envoyer le lien vers votre fichier par e-mail en indiquant lors de l&rsquo;ajout au panier le nom du fichier, type d&rsquo;impression (FDM\/R\u00e9sine), la taille d&rsquo;impression et le nombre d&rsquo;exemplaires dans les choix propos\u00e9s pour ce type d&rsquo;article \u00ab\u00a0A la demande\u00a0\u00bb.<br \/>\n3. Finaliser la commande et effectuer le paiement.<br \/>\nVeuillez passer une commande diff\u00e9rente pour diff\u00e9rents types et taille d&rsquo;impression.<br \/>\nPour un tel travail d&rsquo;impression, il est \u00e0 souligner que vous devez avoir cr\u00e9\u00e9 ou achet\u00e9 le fichier que vous transmettez, vous \u00eates responsable de la l\u00e9galit\u00e9 du dit fichier.<br \/>\nIl faut compter entre 1 et 3 jours pour l&rsquo;ajout de supports\/l&rsquo;impression\/nettoyage\/s\u00e9chage UV. L&rsquo;exp\u00e9dition prend entre 1 et 5 jours.<\/p>\n<p>NB : Il faudra peut-\u00eatre \u00e9barber certains supports restants surtout si ils sont petits, comme pour des impressions &lt; 50mm, car je pr\u00e9f\u00e8re ne pas abimer l&rsquo;impression \u00e0 cause de ma vue qui baisse.<\/p>\n","protected":false},"excerpt":{"rendered":"<p>Proc\u00e9dure : 1. Cr\u00e9er un compte sur ce site (avec nom et adresse postale). 2. Envoyer le lien vers votre fichier par e-mail en indiquant lors de l&rsquo;ajout au panier le nom du fichier, type d&rsquo;impression (FDM\/R\u00e9sine), la taille d&rsquo;impression et le nombre d&rsquo;exemplaires dans les choix propos\u00e9s pour ce type d&rsquo;article \u00ab\u00a0A la demande\u00a0\u00bb. [&hellip;]<\/p>\n","protected":false},"featured_media":929,"template":"","meta":[],"product_brand":[20],"product_cat":[270,15,16,271],"product_tag":[],"class_list":{"0":"post-795","1":"product","2":"type-product","3":"status-publish","4":"has-post-thumbnail","6":"product_brand-shino","7":"product_cat-armes","8":"product_cat-decors","9":"product_cat-figurines","10":"product_cat-transports","11":"pa_impression-fdm","12":"pa_impression-resine","13":"pa_taille-100mm","14":"pa_taille-120mm","15":"pa_taille-160mm","16":"pa_taille-20mm","17":"pa_taille-35mm","18":"pa_taille-38mm","19":"pa_taille-45mm","20":"pa_taille-50mm","21":"pa_taille-60mm","22":"pa_taille-70mm","23":"pa_taille-75mm","24":"pa_taille-90mm","26":"first","27":"instock","28":"shipping-taxable","29":"purchasable","30":"product-type-variable"},"yoast_head":"<!-- This site is optimized with the Yoast SEO plugin v27.5 - https:\/\/yoast.com\/product\/yoast-seo-wordpress\/ -->\n<title>A la demande - impression - Shino Miniatures<\/title>\n<meta name=\"robots\" content=\"index, follow, max-snippet:-1, max-image-preview:large, max-video-preview:-1\" \/>\n<link rel=\"canonical\" href=\"https:\/\/shino-miniatures.fr\/ecom\/produit\/a-la-demande\/\" \/>\n<meta property=\"og:locale\" content=\"fr_FR\" \/>\n<meta property=\"og:type\" content=\"article\" \/>\n<meta property=\"og:title\" content=\"A la demande - impression - Shino Miniatures\" \/>\n<meta property=\"og:description\" content=\"Proc\u00e9dure : 1. Cr\u00e9er un compte sur ce site (avec nom et adresse postale). 2. Envoyer le lien vers votre fichier par e-mail en indiquant lors de l&rsquo;ajout au panier le nom du fichier, type d&rsquo;impression (FDM\/R\u00e9sine), la taille d&rsquo;impression et le nombre d&rsquo;exemplaires dans les choix propos\u00e9s pour ce type d&rsquo;article \u00ab\u00a0A la demande\u00a0\u00bb. [&hellip;]\" \/>\n<meta property=\"og:url\" content=\"https:\/\/shino-miniatures.fr\/ecom\/produit\/a-la-demande\/\" \/>\n<meta property=\"og:site_name\" content=\"Shino Miniatures\" \/>\n<meta property=\"article:modified_time\" content=\"2026-04-27T23:09:44+00:00\" \/>\n<meta property=\"og:image\" content=\"https:\/\/shino-miniatures.fr\/ecom\/wp-content\/uploads\/2025\/12\/logo_demande_impression_figurine.png\" \/>\n\t<meta property=\"og:image:width\" content=\"450\" \/>\n\t<meta property=\"og:image:height\" content=\"450\" \/>\n\t<meta property=\"og:image:type\" content=\"image\/png\" \/>\n<meta name=\"twitter:card\" content=\"summary_large_image\" \/>\n<meta name=\"twitter:label1\" content=\"Dur\u00e9e de lecture estim\u00e9e\" \/>\n\t<meta name=\"twitter:data1\" content=\"1 minute\" \/>\n<script type=\"application\/ld+json\" class=\"yoast-schema-graph\">{\"@context\":\"https:\\\/\\\/schema.org\",\"@graph\":[{\"@type\":\"WebPage\",\"@id\":\"https:\\\/\\\/shino-miniatures.fr\\\/ecom\\\/produit\\\/a-la-demande\\\/\",\"url\":\"https:\\\/\\\/shino-miniatures.fr\\\/ecom\\\/produit\\\/a-la-demande\\\/\",\"name\":\"A la demande - impression - Shino Miniatures\",\"isPartOf\":{\"@id\":\"https:\\\/\\\/shino-miniatures.fr\\\/ecom\\\/#website\"},\"primaryImageOfPage\":{\"@id\":\"https:\\\/\\\/shino-miniatures.fr\\\/ecom\\\/produit\\\/a-la-demande\\\/#primaryimage\"},\"image\":{\"@id\":\"https:\\\/\\\/shino-miniatures.fr\\\/ecom\\\/produit\\\/a-la-demande\\\/#primaryimage\"},\"thumbnailUrl\":\"https:\\\/\\\/shino-miniatures.fr\\\/ecom\\\/wp-content\\\/uploads\\\/2025\\\/12\\\/logo_demande_impression_figurine.png\",\"datePublished\":\"2025-12-07T15:25:23+00:00\",\"dateModified\":\"2026-04-27T23:09:44+00:00\",\"breadcrumb\":{\"@id\":\"https:\\\/\\\/shino-miniatures.fr\\\/ecom\\\/produit\\\/a-la-demande\\\/#breadcrumb\"},\"inLanguage\":\"fr-FR\",\"potentialAction\":[{\"@type\":\"ReadAction\",\"target\":[\"https:\\\/\\\/shino-miniatures.fr\\\/ecom\\\/produit\\\/a-la-demande\\\/\"]}]},{\"@type\":\"ImageObject\",\"inLanguage\":\"fr-FR\",\"@id\":\"https:\\\/\\\/shino-miniatures.fr\\\/ecom\\\/produit\\\/a-la-demande\\\/#primaryimage\",\"url\":\"https:\\\/\\\/shino-miniatures.fr\\\/ecom\\\/wp-content\\\/uploads\\\/2025\\\/12\\\/logo_demande_impression_figurine.png\",\"contentUrl\":\"https:\\\/\\\/shino-miniatures.fr\\\/ecom\\\/wp-content\\\/uploads\\\/2025\\\/12\\\/logo_demande_impression_figurine.png\",\"width\":450,\"height\":450},{\"@type\":\"BreadcrumbList\",\"@id\":\"https:\\\/\\\/shino-miniatures.fr\\\/ecom\\\/produit\\\/a-la-demande\\\/#breadcrumb\",\"itemListElement\":[{\"@type\":\"ListItem\",\"position\":1,\"name\":\"Home\",\"item\":\"https:\\\/\\\/shino-miniatures.fr\\\/ecom\\\/\"},{\"@type\":\"ListItem\",\"position\":2,\"name\":\"Boutique\",\"item\":\"https:\\\/\\\/shino-miniatures.fr\\\/ecom\\\/\"},{\"@type\":\"ListItem\",\"position\":3,\"name\":\"A la demande &#8211; impression\"}]},{\"@type\":\"WebSite\",\"@id\":\"https:\\\/\\\/shino-miniatures.fr\\\/ecom\\\/#website\",\"url\":\"https:\\\/\\\/shino-miniatures.fr\\\/ecom\\\/\",\"name\":\"Shino Miniatures\",\"description\":\"Site de vente d&#039;impressions de figurines\",\"publisher\":{\"@id\":\"https:\\\/\\\/shino-miniatures.fr\\\/ecom\\\/#organization\"},\"potentialAction\":[{\"@type\":\"SearchAction\",\"target\":{\"@type\":\"EntryPoint\",\"urlTemplate\":\"https:\\\/\\\/shino-miniatures.fr\\\/ecom\\\/?s={search_term_string}\"},\"query-input\":{\"@type\":\"PropertyValueSpecification\",\"valueRequired\":true,\"valueName\":\"search_term_string\"}}],\"inLanguage\":\"fr-FR\"},{\"@type\":\"Organization\",\"@id\":\"https:\\\/\\\/shino-miniatures.fr\\\/ecom\\\/#organization\",\"name\":\"Shino Miniatures\",\"url\":\"https:\\\/\\\/shino-miniatures.fr\\\/ecom\\\/\",\"logo\":{\"@type\":\"ImageObject\",\"inLanguage\":\"fr-FR\",\"@id\":\"https:\\\/\\\/shino-miniatures.fr\\\/ecom\\\/#\\\/schema\\\/logo\\\/image\\\/\",\"url\":\"https:\\\/\\\/shino-miniatures.fr\\\/ecom\\\/wp-content\\\/uploads\\\/2025\\\/12\\\/logo-shino.png\",\"contentUrl\":\"https:\\\/\\\/shino-miniatures.fr\\\/ecom\\\/wp-content\\\/uploads\\\/2025\\\/12\\\/logo-shino.png\",\"width\":114,\"height\":122,\"caption\":\"Shino Miniatures\"},\"image\":{\"@id\":\"https:\\\/\\\/shino-miniatures.fr\\\/ecom\\\/#\\\/schema\\\/logo\\\/image\\\/\"}}]}<\/script>\n<!-- \/ Yoast SEO plugin. -->","yoast_head_json":{"title":"A la demande - impression - Shino Miniatures","robots":{"index":"index","follow":"follow","max-snippet":"max-snippet:-1","max-image-preview":"max-image-preview:large","max-video-preview":"max-video-preview:-1"},"canonical":"https:\/\/shino-miniatures.fr\/ecom\/produit\/a-la-demande\/","og_locale":"fr_FR","og_type":"article","og_title":"A la demande - impression - Shino Miniatures","og_description":"Proc\u00e9dure : 1. Cr\u00e9er un compte sur ce site (avec nom et adresse postale). 2. Envoyer le lien vers votre fichier par e-mail en indiquant lors de l&rsquo;ajout au panier le nom du fichier, type d&rsquo;impression (FDM\/R\u00e9sine), la taille d&rsquo;impression et le nombre d&rsquo;exemplaires dans les choix propos\u00e9s pour ce type d&rsquo;article \u00ab\u00a0A la demande\u00a0\u00bb. [&hellip;]","og_url":"https:\/\/shino-miniatures.fr\/ecom\/produit\/a-la-demande\/","og_site_name":"Shino Miniatures","article_modified_time":"2026-04-27T23:09:44+00:00","og_image":[{"width":450,"height":450,"url":"https:\/\/shino-miniatures.fr\/ecom\/wp-content\/uploads\/2025\/12\/logo_demande_impression_figurine.png","type":"image\/png"}],"twitter_card":"summary_large_image","twitter_misc":{"Dur\u00e9e de lecture estim\u00e9e":"1 minute"},"schema":{"@context":"https:\/\/schema.org","@graph":[{"@type":"WebPage","@id":"https:\/\/shino-miniatures.fr\/ecom\/produit\/a-la-demande\/","url":"https:\/\/shino-miniatures.fr\/ecom\/produit\/a-la-demande\/","name":"A la demande - impression - Shino Miniatures","isPartOf":{"@id":"https:\/\/shino-miniatures.fr\/ecom\/#website"},"primaryImageOfPage":{"@id":"https:\/\/shino-miniatures.fr\/ecom\/produit\/a-la-demande\/#primaryimage"},"image":{"@id":"https:\/\/shino-miniatures.fr\/ecom\/produit\/a-la-demande\/#primaryimage"},"thumbnailUrl":"https:\/\/shino-miniatures.fr\/ecom\/wp-content\/uploads\/2025\/12\/logo_demande_impression_figurine.png","datePublished":"2025-12-07T15:25:23+00:00","dateModified":"2026-04-27T23:09:44+00:00","breadcrumb":{"@id":"https:\/\/shino-miniatures.fr\/ecom\/produit\/a-la-demande\/#breadcrumb"},"inLanguage":"fr-FR","potentialAction":[{"@type":"ReadAction","target":["https:\/\/shino-miniatures.fr\/ecom\/produit\/a-la-demande\/"]}]},{"@type":"ImageObject","inLanguage":"fr-FR","@id":"https:\/\/shino-miniatures.fr\/ecom\/produit\/a-la-demande\/#primaryimage","url":"https:\/\/shino-miniatures.fr\/ecom\/wp-content\/uploads\/2025\/12\/logo_demande_impression_figurine.png","contentUrl":"https:\/\/shino-miniatures.fr\/ecom\/wp-content\/uploads\/2025\/12\/logo_demande_impression_figurine.png","width":450,"height":450},{"@type":"BreadcrumbList","@id":"https:\/\/shino-miniatures.fr\/ecom\/produit\/a-la-demande\/#breadcrumb","itemListElement":[{"@type":"ListItem","position":1,"name":"Home","item":"https:\/\/shino-miniatures.fr\/ecom\/"},{"@type":"ListItem","position":2,"name":"Boutique","item":"https:\/\/shino-miniatures.fr\/ecom\/"},{"@type":"ListItem","position":3,"name":"A la demande &#8211; impression"}]},{"@type":"WebSite","@id":"https:\/\/shino-miniatures.fr\/ecom\/#website","url":"https:\/\/shino-miniatures.fr\/ecom\/","name":"Shino Miniatures","description":"Site de vente d&#039;impressions de figurines","publisher":{"@id":"https:\/\/shino-miniatures.fr\/ecom\/#organization"},"potentialAction":[{"@type":"SearchAction","target":{"@type":"EntryPoint","urlTemplate":"https:\/\/shino-miniatures.fr\/ecom\/?s={search_term_string}"},"query-input":{"@type":"PropertyValueSpecification","valueRequired":true,"valueName":"search_term_string"}}],"inLanguage":"fr-FR"},{"@type":"Organization","@id":"https:\/\/shino-miniatures.fr\/ecom\/#organization","name":"Shino Miniatures","url":"https:\/\/shino-miniatures.fr\/ecom\/","logo":{"@type":"ImageObject","inLanguage":"fr-FR","@id":"https:\/\/shino-miniatures.fr\/ecom\/#\/schema\/logo\/image\/","url":"https:\/\/shino-miniatures.fr\/ecom\/wp-content\/uploads\/2025\/12\/logo-shino.png","contentUrl":"https:\/\/shino-miniatures.fr\/ecom\/wp-content\/uploads\/2025\/12\/logo-shino.png","width":114,"height":122,"caption":"Shino Miniatures"},"image":{"@id":"https:\/\/shino-miniatures.fr\/ecom\/#\/schema\/logo\/image\/"}}]}},"jetpack_sharing_enabled":true,"_links":{"self":[{"href":"https:\/\/shino-miniatures.fr\/ecom\/wp-json\/wp\/v2\/product\/795","targetHints":{"allow":["GET"]}}],"collection":[{"href":"https:\/\/shino-miniatures.fr\/ecom\/wp-json\/wp\/v2\/product"}],"about":[{"href":"https:\/\/shino-miniatures.fr\/ecom\/wp-json\/wp\/v2\/types\/product"}],"wp:featuredmedia":[{"embeddable":true,"href":"https:\/\/shino-miniatures.fr\/ecom\/wp-json\/wp\/v2\/media\/929"}],"wp:attachment":[{"href":"https:\/\/shino-miniatures.fr\/ecom\/wp-json\/wp\/v2\/media?parent=795"}],"wp:term":[{"taxonomy":"product_brand","embeddable":true,"href":"https:\/\/shino-miniatures.fr\/ecom\/wp-json\/wp\/v2\/product_brand?post=795"},{"taxonomy":"product_cat","embeddable":true,"href":"https:\/\/shino-miniatures.fr\/ecom\/wp-json\/wp\/v2\/product_cat?post=795"},{"taxonomy":"product_tag","embeddable":true,"href":"https:\/\/shino-miniatures.fr\/ecom\/wp-json\/wp\/v2\/product_tag?post=795"}],"curies":[{"name":"wp","href":"https:\/\/api.w.org\/{rel}","templated":true}]}}