{"id":535,"date":"2025-12-07T10:52:25","date_gmt":"2025-12-07T09:52:25","guid":{"rendered":"https:\/\/shino-miniatures.fr\/ecom\/?post_type=product&#038;p=535"},"modified":"2026-01-06T15:42:59","modified_gmt":"2026-01-06T14:42:59","slug":"barbare-femme-epees","status":"publish","type":"product","link":"https:\/\/shino-miniatures.fr\/ecom\/produit\/barbare-femme-epees\/","title":{"rendered":"Barbare Femme \u00e9p\u00e9es"},"content":{"rendered":"<p>Barbare Femme avec 2 \u00e9p\u00e9es<\/p>\n","protected":false},"excerpt":{"rendered":"<p>Barbare Femme avec 2 \u00e9p\u00e9es<\/p>\n","protected":false},"featured_media":1056,"template":"","meta":[],"product_brand":[20],"product_cat":[16],"product_tag":[21,26,25,24],"class_list":{"0":"post-535","1":"product","2":"type-product","3":"status-publish","4":"has-post-thumbnail","6":"product_brand-shino","7":"product_cat-figurines","8":"product_tag-barbare","9":"product_tag-epee","10":"product_tag-femme","11":"product_tag-proxyconf","12":"pa_taille-38mm","14":"first","15":"instock","16":"shipping-taxable","17":"purchasable","18":"product-type-simple"},"yoast_head":"<!-- This site is optimized with the Yoast SEO plugin v27.5 - https:\/\/yoast.com\/product\/yoast-seo-wordpress\/ -->\n<title>Barbare Femme \u00e9p\u00e9es - Shino Miniatures<\/title>\n<meta name=\"robots\" content=\"index, follow, max-snippet:-1, max-image-preview:large, max-video-preview:-1\" \/>\n<link rel=\"canonical\" href=\"https:\/\/shino-miniatures.fr\/ecom\/produit\/barbare-femme-epees\/\" \/>\n<meta property=\"og:locale\" content=\"fr_FR\" \/>\n<meta property=\"og:type\" content=\"article\" \/>\n<meta property=\"og:title\" content=\"Barbare Femme \u00e9p\u00e9es - Shino Miniatures\" \/>\n<meta property=\"og:description\" content=\"Barbare Femme avec 2 \u00e9p\u00e9es\" \/>\n<meta property=\"og:url\" content=\"https:\/\/shino-miniatures.fr\/ecom\/produit\/barbare-femme-epees\/\" \/>\n<meta property=\"og:site_name\" content=\"Shino Miniatures\" \/>\n<meta property=\"article:modified_time\" content=\"2026-01-06T14:42:59+00:00\" \/>\n<meta property=\"og:image\" content=\"https:\/\/shino-miniatures.fr\/ecom\/wp-content\/uploads\/2025\/12\/Barbare_F_double_epee-1.png\" \/>\n\t<meta property=\"og:image:width\" content=\"704\" \/>\n\t<meta property=\"og:image:height\" content=\"503\" \/>\n\t<meta property=\"og:image:type\" content=\"image\/png\" \/>\n<meta name=\"twitter:card\" content=\"summary_large_image\" \/>\n<meta name=\"twitter:label1\" content=\"Dur\u00e9e de lecture estim\u00e9e\" \/>\n\t<meta name=\"twitter:data1\" content=\"1 minute\" \/>\n<script type=\"application\/ld+json\" class=\"yoast-schema-graph\">{\"@context\":\"https:\\\/\\\/schema.org\",\"@graph\":[{\"@type\":\"WebPage\",\"@id\":\"https:\\\/\\\/shino-miniatures.fr\\\/ecom\\\/produit\\\/barbare-femme-epees\\\/\",\"url\":\"https:\\\/\\\/shino-miniatures.fr\\\/ecom\\\/produit\\\/barbare-femme-epees\\\/\",\"name\":\"Barbare Femme \u00e9p\u00e9es - Shino Miniatures\",\"isPartOf\":{\"@id\":\"https:\\\/\\\/shino-miniatures.fr\\\/ecom\\\/#website\"},\"primaryImageOfPage\":{\"@id\":\"https:\\\/\\\/shino-miniatures.fr\\\/ecom\\\/produit\\\/barbare-femme-epees\\\/#primaryimage\"},\"image\":{\"@id\":\"https:\\\/\\\/shino-miniatures.fr\\\/ecom\\\/produit\\\/barbare-femme-epees\\\/#primaryimage\"},\"thumbnailUrl\":\"https:\\\/\\\/shino-miniatures.fr\\\/ecom\\\/wp-content\\\/uploads\\\/2025\\\/12\\\/Barbare_F_double_epee-1.png\",\"datePublished\":\"2025-12-07T09:52:25+00:00\",\"dateModified\":\"2026-01-06T14:42:59+00:00\",\"breadcrumb\":{\"@id\":\"https:\\\/\\\/shino-miniatures.fr\\\/ecom\\\/produit\\\/barbare-femme-epees\\\/#breadcrumb\"},\"inLanguage\":\"fr-FR\",\"potentialAction\":[{\"@type\":\"ReadAction\",\"target\":[\"https:\\\/\\\/shino-miniatures.fr\\\/ecom\\\/produit\\\/barbare-femme-epees\\\/\"]}]},{\"@type\":\"ImageObject\",\"inLanguage\":\"fr-FR\",\"@id\":\"https:\\\/\\\/shino-miniatures.fr\\\/ecom\\\/produit\\\/barbare-femme-epees\\\/#primaryimage\",\"url\":\"https:\\\/\\\/shino-miniatures.fr\\\/ecom\\\/wp-content\\\/uploads\\\/2025\\\/12\\\/Barbare_F_double_epee-1.png\",\"contentUrl\":\"https:\\\/\\\/shino-miniatures.fr\\\/ecom\\\/wp-content\\\/uploads\\\/2025\\\/12\\\/Barbare_F_double_epee-1.png\",\"width\":704,\"height\":503},{\"@type\":\"BreadcrumbList\",\"@id\":\"https:\\\/\\\/shino-miniatures.fr\\\/ecom\\\/produit\\\/barbare-femme-epees\\\/#breadcrumb\",\"itemListElement\":[{\"@type\":\"ListItem\",\"position\":1,\"name\":\"Home\",\"item\":\"https:\\\/\\\/shino-miniatures.fr\\\/ecom\\\/\"},{\"@type\":\"ListItem\",\"position\":2,\"name\":\"Boutique\",\"item\":\"https:\\\/\\\/shino-miniatures.fr\\\/ecom\\\/\"},{\"@type\":\"ListItem\",\"position\":3,\"name\":\"Barbare Femme \u00e9p\u00e9es\"}]},{\"@type\":\"WebSite\",\"@id\":\"https:\\\/\\\/shino-miniatures.fr\\\/ecom\\\/#website\",\"url\":\"https:\\\/\\\/shino-miniatures.fr\\\/ecom\\\/\",\"name\":\"Shino Miniatures\",\"description\":\"Site de vente d&#039;impressions de figurines\",\"publisher\":{\"@id\":\"https:\\\/\\\/shino-miniatures.fr\\\/ecom\\\/#organization\"},\"potentialAction\":[{\"@type\":\"SearchAction\",\"target\":{\"@type\":\"EntryPoint\",\"urlTemplate\":\"https:\\\/\\\/shino-miniatures.fr\\\/ecom\\\/?s={search_term_string}\"},\"query-input\":{\"@type\":\"PropertyValueSpecification\",\"valueRequired\":true,\"valueName\":\"search_term_string\"}}],\"inLanguage\":\"fr-FR\"},{\"@type\":\"Organization\",\"@id\":\"https:\\\/\\\/shino-miniatures.fr\\\/ecom\\\/#organization\",\"name\":\"Shino Miniatures\",\"url\":\"https:\\\/\\\/shino-miniatures.fr\\\/ecom\\\/\",\"logo\":{\"@type\":\"ImageObject\",\"inLanguage\":\"fr-FR\",\"@id\":\"https:\\\/\\\/shino-miniatures.fr\\\/ecom\\\/#\\\/schema\\\/logo\\\/image\\\/\",\"url\":\"https:\\\/\\\/shino-miniatures.fr\\\/ecom\\\/wp-content\\\/uploads\\\/2025\\\/12\\\/logo-shino.png\",\"contentUrl\":\"https:\\\/\\\/shino-miniatures.fr\\\/ecom\\\/wp-content\\\/uploads\\\/2025\\\/12\\\/logo-shino.png\",\"width\":114,\"height\":122,\"caption\":\"Shino Miniatures\"},\"image\":{\"@id\":\"https:\\\/\\\/shino-miniatures.fr\\\/ecom\\\/#\\\/schema\\\/logo\\\/image\\\/\"}}]}<\/script>\n<!-- \/ Yoast SEO plugin. -->","yoast_head_json":{"title":"Barbare Femme \u00e9p\u00e9es - Shino Miniatures","robots":{"index":"index","follow":"follow","max-snippet":"max-snippet:-1","max-image-preview":"max-image-preview:large","max-video-preview":"max-video-preview:-1"},"canonical":"https:\/\/shino-miniatures.fr\/ecom\/produit\/barbare-femme-epees\/","og_locale":"fr_FR","og_type":"article","og_title":"Barbare Femme \u00e9p\u00e9es - Shino Miniatures","og_description":"Barbare Femme avec 2 \u00e9p\u00e9es","og_url":"https:\/\/shino-miniatures.fr\/ecom\/produit\/barbare-femme-epees\/","og_site_name":"Shino Miniatures","article_modified_time":"2026-01-06T14:42:59+00:00","og_image":[{"width":704,"height":503,"url":"https:\/\/shino-miniatures.fr\/ecom\/wp-content\/uploads\/2025\/12\/Barbare_F_double_epee-1.png","type":"image\/png"}],"twitter_card":"summary_large_image","twitter_misc":{"Dur\u00e9e de lecture estim\u00e9e":"1 minute"},"schema":{"@context":"https:\/\/schema.org","@graph":[{"@type":"WebPage","@id":"https:\/\/shino-miniatures.fr\/ecom\/produit\/barbare-femme-epees\/","url":"https:\/\/shino-miniatures.fr\/ecom\/produit\/barbare-femme-epees\/","name":"Barbare Femme \u00e9p\u00e9es - Shino Miniatures","isPartOf":{"@id":"https:\/\/shino-miniatures.fr\/ecom\/#website"},"primaryImageOfPage":{"@id":"https:\/\/shino-miniatures.fr\/ecom\/produit\/barbare-femme-epees\/#primaryimage"},"image":{"@id":"https:\/\/shino-miniatures.fr\/ecom\/produit\/barbare-femme-epees\/#primaryimage"},"thumbnailUrl":"https:\/\/shino-miniatures.fr\/ecom\/wp-content\/uploads\/2025\/12\/Barbare_F_double_epee-1.png","datePublished":"2025-12-07T09:52:25+00:00","dateModified":"2026-01-06T14:42:59+00:00","breadcrumb":{"@id":"https:\/\/shino-miniatures.fr\/ecom\/produit\/barbare-femme-epees\/#breadcrumb"},"inLanguage":"fr-FR","potentialAction":[{"@type":"ReadAction","target":["https:\/\/shino-miniatures.fr\/ecom\/produit\/barbare-femme-epees\/"]}]},{"@type":"ImageObject","inLanguage":"fr-FR","@id":"https:\/\/shino-miniatures.fr\/ecom\/produit\/barbare-femme-epees\/#primaryimage","url":"https:\/\/shino-miniatures.fr\/ecom\/wp-content\/uploads\/2025\/12\/Barbare_F_double_epee-1.png","contentUrl":"https:\/\/shino-miniatures.fr\/ecom\/wp-content\/uploads\/2025\/12\/Barbare_F_double_epee-1.png","width":704,"height":503},{"@type":"BreadcrumbList","@id":"https:\/\/shino-miniatures.fr\/ecom\/produit\/barbare-femme-epees\/#breadcrumb","itemListElement":[{"@type":"ListItem","position":1,"name":"Home","item":"https:\/\/shino-miniatures.fr\/ecom\/"},{"@type":"ListItem","position":2,"name":"Boutique","item":"https:\/\/shino-miniatures.fr\/ecom\/"},{"@type":"ListItem","position":3,"name":"Barbare Femme \u00e9p\u00e9es"}]},{"@type":"WebSite","@id":"https:\/\/shino-miniatures.fr\/ecom\/#website","url":"https:\/\/shino-miniatures.fr\/ecom\/","name":"Shino Miniatures","description":"Site de vente d&#039;impressions de figurines","publisher":{"@id":"https:\/\/shino-miniatures.fr\/ecom\/#organization"},"potentialAction":[{"@type":"SearchAction","target":{"@type":"EntryPoint","urlTemplate":"https:\/\/shino-miniatures.fr\/ecom\/?s={search_term_string}"},"query-input":{"@type":"PropertyValueSpecification","valueRequired":true,"valueName":"search_term_string"}}],"inLanguage":"fr-FR"},{"@type":"Organization","@id":"https:\/\/shino-miniatures.fr\/ecom\/#organization","name":"Shino Miniatures","url":"https:\/\/shino-miniatures.fr\/ecom\/","logo":{"@type":"ImageObject","inLanguage":"fr-FR","@id":"https:\/\/shino-miniatures.fr\/ecom\/#\/schema\/logo\/image\/","url":"https:\/\/shino-miniatures.fr\/ecom\/wp-content\/uploads\/2025\/12\/logo-shino.png","contentUrl":"https:\/\/shino-miniatures.fr\/ecom\/wp-content\/uploads\/2025\/12\/logo-shino.png","width":114,"height":122,"caption":"Shino Miniatures"},"image":{"@id":"https:\/\/shino-miniatures.fr\/ecom\/#\/schema\/logo\/image\/"}}]}},"jetpack_sharing_enabled":true,"_links":{"self":[{"href":"https:\/\/shino-miniatures.fr\/ecom\/wp-json\/wp\/v2\/product\/535","targetHints":{"allow":["GET"]}}],"collection":[{"href":"https:\/\/shino-miniatures.fr\/ecom\/wp-json\/wp\/v2\/product"}],"about":[{"href":"https:\/\/shino-miniatures.fr\/ecom\/wp-json\/wp\/v2\/types\/product"}],"wp:featuredmedia":[{"embeddable":true,"href":"https:\/\/shino-miniatures.fr\/ecom\/wp-json\/wp\/v2\/media\/1056"}],"wp:attachment":[{"href":"https:\/\/shino-miniatures.fr\/ecom\/wp-json\/wp\/v2\/media?parent=535"}],"wp:term":[{"taxonomy":"product_brand","embeddable":true,"href":"https:\/\/shino-miniatures.fr\/ecom\/wp-json\/wp\/v2\/product_brand?post=535"},{"taxonomy":"product_cat","embeddable":true,"href":"https:\/\/shino-miniatures.fr\/ecom\/wp-json\/wp\/v2\/product_cat?post=535"},{"taxonomy":"product_tag","embeddable":true,"href":"https:\/\/shino-miniatures.fr\/ecom\/wp-json\/wp\/v2\/product_tag?post=535"}],"curies":[{"name":"wp","href":"https:\/\/api.w.org\/{rel}","templated":true}]}}