{"id":1122,"date":"2026-03-14T16:36:58","date_gmt":"2026-03-14T15:36:58","guid":{"rendered":"https:\/\/shino-miniatures.fr\/ecom\/?post_type=product&#038;p=1122"},"modified":"2026-03-14T16:44:35","modified_gmt":"2026-03-14T15:44:35","slug":"cyclope-recousu-poupees-vaudou","status":"publish","type":"product","link":"https:\/\/shino-miniatures.fr\/ecom\/produit\/cyclope-recousu-poupees-vaudou\/","title":{"rendered":"Cyclope recousu avec poup\u00e9es vaudou (free)"},"content":{"rendered":"<p>Grand Cyclope mort-vivant recousu, sorte de troll (fichier STL en t\u00e9l\u00e9chargement gratuit)<\/p>\n","protected":false},"excerpt":{"rendered":"<p>Grand Cyclope mort-vivant recousu, sorte de troll (fichier STL en t\u00e9l\u00e9chargement gratuit)<\/p>\n","protected":false},"featured_media":1123,"template":"","meta":[],"product_brand":[20],"product_cat":[16],"product_tag":[229,47,24,341],"class_list":{"0":"post-1122","1":"product","2":"type-product","3":"status-publish","4":"has-post-thumbnail","6":"product_brand-shino","7":"product_cat-figurines","8":"product_tag-cyclope","9":"product_tag-mort-vivant","10":"product_tag-proxyconf","11":"product_tag-troll","12":"pa_taille-60mm","14":"first","15":"instock","16":"downloadable","17":"virtual","18":"purchasable","19":"product-type-simple"},"yoast_head":"<!-- This site is optimized with the Yoast SEO plugin v27.5 - https:\/\/yoast.com\/product\/yoast-seo-wordpress\/ -->\n<title>Cyclope recousu avec poup\u00e9es vaudou (free) - Shino Miniatures<\/title>\n<meta name=\"description\" content=\"Grand Cyclope mort-vivant recousu, sorte de troll, il peut \u00eatre utilis\u00e9 pour \u00e9craser vos ennemis \u00e0 coup de masse, pas de crainte \u00e0 avoir, comme la plupart des morts-vivant et troll, il r\u00e9g\u00e9n\u00e8re\" \/>\n<meta name=\"robots\" content=\"index, follow, max-snippet:-1, max-image-preview:large, max-video-preview:-1\" \/>\n<link rel=\"canonical\" href=\"https:\/\/shino-miniatures.fr\/ecom\/produit\/cyclope-recousu-poupees-vaudou\/\" \/>\n<meta property=\"og:locale\" content=\"fr_FR\" \/>\n<meta property=\"og:type\" content=\"article\" \/>\n<meta property=\"og:title\" content=\"Cyclope recousu avec poup\u00e9es vaudou (free) - Shino Miniatures\" \/>\n<meta property=\"og:description\" content=\"Grand Cyclope mort-vivant recousu, sorte de troll, il peut \u00eatre utilis\u00e9 pour \u00e9craser vos ennemis \u00e0 coup de masse, pas de crainte \u00e0 avoir, comme la plupart des morts-vivant et troll, il r\u00e9g\u00e9n\u00e8re\" \/>\n<meta property=\"og:url\" content=\"https:\/\/shino-miniatures.fr\/ecom\/produit\/cyclope-recousu-poupees-vaudou\/\" \/>\n<meta property=\"og:site_name\" content=\"Shino Miniatures\" \/>\n<meta property=\"article:modified_time\" content=\"2026-03-14T15:44:35+00:00\" \/>\n<meta property=\"og:image\" content=\"https:\/\/shino-miniatures.fr\/ecom\/wp-content\/uploads\/2026\/03\/Morzath_Cyclope.png\" \/>\n\t<meta property=\"og:image:width\" content=\"598\" \/>\n\t<meta property=\"og:image:height\" content=\"630\" \/>\n\t<meta property=\"og:image:type\" content=\"image\/png\" \/>\n<meta name=\"twitter:card\" content=\"summary_large_image\" \/>\n<meta name=\"twitter:label1\" content=\"Dur\u00e9e de lecture estim\u00e9e\" \/>\n\t<meta name=\"twitter:data1\" content=\"1 minute\" \/>\n<script type=\"application\/ld+json\" class=\"yoast-schema-graph\">{\"@context\":\"https:\\\/\\\/schema.org\",\"@graph\":[{\"@type\":\"WebPage\",\"@id\":\"https:\\\/\\\/shino-miniatures.fr\\\/ecom\\\/produit\\\/cyclope-recousu-poupees-vaudou\\\/\",\"url\":\"https:\\\/\\\/shino-miniatures.fr\\\/ecom\\\/produit\\\/cyclope-recousu-poupees-vaudou\\\/\",\"name\":\"Cyclope recousu avec poup\u00e9es vaudou (free) - Shino Miniatures\",\"isPartOf\":{\"@id\":\"https:\\\/\\\/shino-miniatures.fr\\\/ecom\\\/#website\"},\"primaryImageOfPage\":{\"@id\":\"https:\\\/\\\/shino-miniatures.fr\\\/ecom\\\/produit\\\/cyclope-recousu-poupees-vaudou\\\/#primaryimage\"},\"image\":{\"@id\":\"https:\\\/\\\/shino-miniatures.fr\\\/ecom\\\/produit\\\/cyclope-recousu-poupees-vaudou\\\/#primaryimage\"},\"thumbnailUrl\":\"https:\\\/\\\/shino-miniatures.fr\\\/ecom\\\/wp-content\\\/uploads\\\/2026\\\/03\\\/Morzath_Cyclope.png\",\"datePublished\":\"2026-03-14T15:36:58+00:00\",\"dateModified\":\"2026-03-14T15:44:35+00:00\",\"description\":\"Grand Cyclope mort-vivant recousu, sorte de troll, il peut \u00eatre utilis\u00e9 pour \u00e9craser vos ennemis \u00e0 coup de masse, pas de crainte \u00e0 avoir, comme la plupart des morts-vivant et troll, il r\u00e9g\u00e9n\u00e8re\",\"breadcrumb\":{\"@id\":\"https:\\\/\\\/shino-miniatures.fr\\\/ecom\\\/produit\\\/cyclope-recousu-poupees-vaudou\\\/#breadcrumb\"},\"inLanguage\":\"fr-FR\",\"potentialAction\":[{\"@type\":\"ReadAction\",\"target\":[\"https:\\\/\\\/shino-miniatures.fr\\\/ecom\\\/produit\\\/cyclope-recousu-poupees-vaudou\\\/\"]}]},{\"@type\":\"ImageObject\",\"inLanguage\":\"fr-FR\",\"@id\":\"https:\\\/\\\/shino-miniatures.fr\\\/ecom\\\/produit\\\/cyclope-recousu-poupees-vaudou\\\/#primaryimage\",\"url\":\"https:\\\/\\\/shino-miniatures.fr\\\/ecom\\\/wp-content\\\/uploads\\\/2026\\\/03\\\/Morzath_Cyclope.png\",\"contentUrl\":\"https:\\\/\\\/shino-miniatures.fr\\\/ecom\\\/wp-content\\\/uploads\\\/2026\\\/03\\\/Morzath_Cyclope.png\",\"width\":598,\"height\":630},{\"@type\":\"BreadcrumbList\",\"@id\":\"https:\\\/\\\/shino-miniatures.fr\\\/ecom\\\/produit\\\/cyclope-recousu-poupees-vaudou\\\/#breadcrumb\",\"itemListElement\":[{\"@type\":\"ListItem\",\"position\":1,\"name\":\"Home\",\"item\":\"https:\\\/\\\/shino-miniatures.fr\\\/ecom\\\/\"},{\"@type\":\"ListItem\",\"position\":2,\"name\":\"Boutique\",\"item\":\"https:\\\/\\\/shino-miniatures.fr\\\/ecom\\\/\"},{\"@type\":\"ListItem\",\"position\":3,\"name\":\"Cyclope recousu avec poup\u00e9es vaudou (free)\"}]},{\"@type\":\"WebSite\",\"@id\":\"https:\\\/\\\/shino-miniatures.fr\\\/ecom\\\/#website\",\"url\":\"https:\\\/\\\/shino-miniatures.fr\\\/ecom\\\/\",\"name\":\"Shino Miniatures\",\"description\":\"Site de vente d&#039;impressions de figurines\",\"publisher\":{\"@id\":\"https:\\\/\\\/shino-miniatures.fr\\\/ecom\\\/#organization\"},\"potentialAction\":[{\"@type\":\"SearchAction\",\"target\":{\"@type\":\"EntryPoint\",\"urlTemplate\":\"https:\\\/\\\/shino-miniatures.fr\\\/ecom\\\/?s={search_term_string}\"},\"query-input\":{\"@type\":\"PropertyValueSpecification\",\"valueRequired\":true,\"valueName\":\"search_term_string\"}}],\"inLanguage\":\"fr-FR\"},{\"@type\":\"Organization\",\"@id\":\"https:\\\/\\\/shino-miniatures.fr\\\/ecom\\\/#organization\",\"name\":\"Shino Miniatures\",\"url\":\"https:\\\/\\\/shino-miniatures.fr\\\/ecom\\\/\",\"logo\":{\"@type\":\"ImageObject\",\"inLanguage\":\"fr-FR\",\"@id\":\"https:\\\/\\\/shino-miniatures.fr\\\/ecom\\\/#\\\/schema\\\/logo\\\/image\\\/\",\"url\":\"https:\\\/\\\/shino-miniatures.fr\\\/ecom\\\/wp-content\\\/uploads\\\/2025\\\/12\\\/logo-shino.png\",\"contentUrl\":\"https:\\\/\\\/shino-miniatures.fr\\\/ecom\\\/wp-content\\\/uploads\\\/2025\\\/12\\\/logo-shino.png\",\"width\":114,\"height\":122,\"caption\":\"Shino Miniatures\"},\"image\":{\"@id\":\"https:\\\/\\\/shino-miniatures.fr\\\/ecom\\\/#\\\/schema\\\/logo\\\/image\\\/\"}}]}<\/script>\n<!-- \/ Yoast SEO plugin. -->","yoast_head_json":{"title":"Cyclope recousu avec poup\u00e9es vaudou (free) - Shino Miniatures","description":"Grand Cyclope mort-vivant recousu, sorte de troll, il peut \u00eatre utilis\u00e9 pour \u00e9craser vos ennemis \u00e0 coup de masse, pas de crainte \u00e0 avoir, comme la plupart des morts-vivant et troll, il r\u00e9g\u00e9n\u00e8re","robots":{"index":"index","follow":"follow","max-snippet":"max-snippet:-1","max-image-preview":"max-image-preview:large","max-video-preview":"max-video-preview:-1"},"canonical":"https:\/\/shino-miniatures.fr\/ecom\/produit\/cyclope-recousu-poupees-vaudou\/","og_locale":"fr_FR","og_type":"article","og_title":"Cyclope recousu avec poup\u00e9es vaudou (free) - Shino Miniatures","og_description":"Grand Cyclope mort-vivant recousu, sorte de troll, il peut \u00eatre utilis\u00e9 pour \u00e9craser vos ennemis \u00e0 coup de masse, pas de crainte \u00e0 avoir, comme la plupart des morts-vivant et troll, il r\u00e9g\u00e9n\u00e8re","og_url":"https:\/\/shino-miniatures.fr\/ecom\/produit\/cyclope-recousu-poupees-vaudou\/","og_site_name":"Shino Miniatures","article_modified_time":"2026-03-14T15:44:35+00:00","og_image":[{"width":598,"height":630,"url":"https:\/\/shino-miniatures.fr\/ecom\/wp-content\/uploads\/2026\/03\/Morzath_Cyclope.png","type":"image\/png"}],"twitter_card":"summary_large_image","twitter_misc":{"Dur\u00e9e de lecture estim\u00e9e":"1 minute"},"schema":{"@context":"https:\/\/schema.org","@graph":[{"@type":"WebPage","@id":"https:\/\/shino-miniatures.fr\/ecom\/produit\/cyclope-recousu-poupees-vaudou\/","url":"https:\/\/shino-miniatures.fr\/ecom\/produit\/cyclope-recousu-poupees-vaudou\/","name":"Cyclope recousu avec poup\u00e9es vaudou (free) - Shino Miniatures","isPartOf":{"@id":"https:\/\/shino-miniatures.fr\/ecom\/#website"},"primaryImageOfPage":{"@id":"https:\/\/shino-miniatures.fr\/ecom\/produit\/cyclope-recousu-poupees-vaudou\/#primaryimage"},"image":{"@id":"https:\/\/shino-miniatures.fr\/ecom\/produit\/cyclope-recousu-poupees-vaudou\/#primaryimage"},"thumbnailUrl":"https:\/\/shino-miniatures.fr\/ecom\/wp-content\/uploads\/2026\/03\/Morzath_Cyclope.png","datePublished":"2026-03-14T15:36:58+00:00","dateModified":"2026-03-14T15:44:35+00:00","description":"Grand Cyclope mort-vivant recousu, sorte de troll, il peut \u00eatre utilis\u00e9 pour \u00e9craser vos ennemis \u00e0 coup de masse, pas de crainte \u00e0 avoir, comme la plupart des morts-vivant et troll, il r\u00e9g\u00e9n\u00e8re","breadcrumb":{"@id":"https:\/\/shino-miniatures.fr\/ecom\/produit\/cyclope-recousu-poupees-vaudou\/#breadcrumb"},"inLanguage":"fr-FR","potentialAction":[{"@type":"ReadAction","target":["https:\/\/shino-miniatures.fr\/ecom\/produit\/cyclope-recousu-poupees-vaudou\/"]}]},{"@type":"ImageObject","inLanguage":"fr-FR","@id":"https:\/\/shino-miniatures.fr\/ecom\/produit\/cyclope-recousu-poupees-vaudou\/#primaryimage","url":"https:\/\/shino-miniatures.fr\/ecom\/wp-content\/uploads\/2026\/03\/Morzath_Cyclope.png","contentUrl":"https:\/\/shino-miniatures.fr\/ecom\/wp-content\/uploads\/2026\/03\/Morzath_Cyclope.png","width":598,"height":630},{"@type":"BreadcrumbList","@id":"https:\/\/shino-miniatures.fr\/ecom\/produit\/cyclope-recousu-poupees-vaudou\/#breadcrumb","itemListElement":[{"@type":"ListItem","position":1,"name":"Home","item":"https:\/\/shino-miniatures.fr\/ecom\/"},{"@type":"ListItem","position":2,"name":"Boutique","item":"https:\/\/shino-miniatures.fr\/ecom\/"},{"@type":"ListItem","position":3,"name":"Cyclope recousu avec poup\u00e9es vaudou (free)"}]},{"@type":"WebSite","@id":"https:\/\/shino-miniatures.fr\/ecom\/#website","url":"https:\/\/shino-miniatures.fr\/ecom\/","name":"Shino Miniatures","description":"Site de vente d&#039;impressions de figurines","publisher":{"@id":"https:\/\/shino-miniatures.fr\/ecom\/#organization"},"potentialAction":[{"@type":"SearchAction","target":{"@type":"EntryPoint","urlTemplate":"https:\/\/shino-miniatures.fr\/ecom\/?s={search_term_string}"},"query-input":{"@type":"PropertyValueSpecification","valueRequired":true,"valueName":"search_term_string"}}],"inLanguage":"fr-FR"},{"@type":"Organization","@id":"https:\/\/shino-miniatures.fr\/ecom\/#organization","name":"Shino Miniatures","url":"https:\/\/shino-miniatures.fr\/ecom\/","logo":{"@type":"ImageObject","inLanguage":"fr-FR","@id":"https:\/\/shino-miniatures.fr\/ecom\/#\/schema\/logo\/image\/","url":"https:\/\/shino-miniatures.fr\/ecom\/wp-content\/uploads\/2025\/12\/logo-shino.png","contentUrl":"https:\/\/shino-miniatures.fr\/ecom\/wp-content\/uploads\/2025\/12\/logo-shino.png","width":114,"height":122,"caption":"Shino Miniatures"},"image":{"@id":"https:\/\/shino-miniatures.fr\/ecom\/#\/schema\/logo\/image\/"}}]}},"jetpack_sharing_enabled":true,"_links":{"self":[{"href":"https:\/\/shino-miniatures.fr\/ecom\/wp-json\/wp\/v2\/product\/1122","targetHints":{"allow":["GET"]}}],"collection":[{"href":"https:\/\/shino-miniatures.fr\/ecom\/wp-json\/wp\/v2\/product"}],"about":[{"href":"https:\/\/shino-miniatures.fr\/ecom\/wp-json\/wp\/v2\/types\/product"}],"wp:featuredmedia":[{"embeddable":true,"href":"https:\/\/shino-miniatures.fr\/ecom\/wp-json\/wp\/v2\/media\/1123"}],"wp:attachment":[{"href":"https:\/\/shino-miniatures.fr\/ecom\/wp-json\/wp\/v2\/media?parent=1122"}],"wp:term":[{"taxonomy":"product_brand","embeddable":true,"href":"https:\/\/shino-miniatures.fr\/ecom\/wp-json\/wp\/v2\/product_brand?post=1122"},{"taxonomy":"product_cat","embeddable":true,"href":"https:\/\/shino-miniatures.fr\/ecom\/wp-json\/wp\/v2\/product_cat?post=1122"},{"taxonomy":"product_tag","embeddable":true,"href":"https:\/\/shino-miniatures.fr\/ecom\/wp-json\/wp\/v2\/product_tag?post=1122"}],"curies":[{"name":"wp","href":"https:\/\/api.w.org\/{rel}","templated":true}]}}