{"id":1105,"date":"2026-02-24T14:12:07","date_gmt":"2026-02-24T13:12:07","guid":{"rendered":"https:\/\/shino-miniatures.fr\/ecom\/?post_type=product&#038;p=1105"},"modified":"2026-02-24T14:18:22","modified_gmt":"2026-02-24T13:18:22","slug":"serpent-armure-epee-pistolet","status":"publish","type":"product","link":"https:\/\/shino-miniatures.fr\/ecom\/produit\/serpent-armure-epee-pistolet\/","title":{"rendered":"Serpent avec \u00e9p\u00e9e et pistolet"},"content":{"rendered":"<p>Serpent avec armure, \u00e9p\u00e9e et pistolet style conquistador<\/p>\n","protected":false},"excerpt":{"rendered":"<p>Serpent avec armure, \u00e9p\u00e9e et pistolet style conquistador<\/p>\n","protected":false},"featured_media":1106,"template":"","meta":[],"product_brand":[20],"product_cat":[16],"product_tag":[35,26,125,24,155],"class_list":{"0":"post-1105","1":"product","2":"type-product","3":"status-publish","4":"has-post-thumbnail","6":"product_brand-shino","7":"product_cat-figurines","8":"product_tag-armure","9":"product_tag-epee","10":"product_tag-pistolet","11":"product_tag-proxyconf","12":"product_tag-serpent","13":"pa_taille-60mm","15":"first","16":"instock","17":"shipping-taxable","18":"purchasable","19":"product-type-simple"},"yoast_head":"<!-- This site is optimized with the Yoast SEO plugin v27.4 - https:\/\/yoast.com\/product\/yoast-seo-wordpress\/ -->\n<title>Serpent avec \u00e9p\u00e9e et pistolet - Shino Miniatures<\/title>\n<meta name=\"description\" content=\"Serpent avec armure, \u00e9p\u00e9e et pistolet style conquistador pr\u00eat \u00e0 attaquer en bondissant sur son ennemi et en lui plantant ses crocs dans la gorge\" \/>\n<meta name=\"robots\" content=\"index, follow, max-snippet:-1, max-image-preview:large, max-video-preview:-1\" \/>\n<link rel=\"canonical\" href=\"https:\/\/shino-miniatures.fr\/ecom\/produit\/serpent-armure-epee-pistolet\/\" \/>\n<meta property=\"og:locale\" content=\"fr_FR\" \/>\n<meta property=\"og:type\" content=\"article\" \/>\n<meta property=\"og:title\" content=\"Serpent avec \u00e9p\u00e9e et pistolet - Shino Miniatures\" \/>\n<meta property=\"og:description\" content=\"Serpent avec armure, \u00e9p\u00e9e et pistolet style conquistador pr\u00eat \u00e0 attaquer en bondissant sur son ennemi et en lui plantant ses crocs dans la gorge\" \/>\n<meta property=\"og:url\" content=\"https:\/\/shino-miniatures.fr\/ecom\/produit\/serpent-armure-epee-pistolet\/\" \/>\n<meta property=\"og:site_name\" content=\"Shino Miniatures\" \/>\n<meta property=\"article:modified_time\" content=\"2026-02-24T13:18:22+00:00\" \/>\n<meta property=\"og:image\" content=\"https:\/\/shino-miniatures.fr\/ecom\/wp-content\/uploads\/2026\/02\/3d-ophidiens_armes_a_feu-02.jpg\" \/>\n\t<meta property=\"og:image:width\" content=\"528\" \/>\n\t<meta property=\"og:image:height\" content=\"600\" \/>\n\t<meta property=\"og:image:type\" content=\"image\/jpeg\" \/>\n<meta name=\"twitter:card\" content=\"summary_large_image\" \/>\n<meta name=\"twitter:label1\" content=\"Dur\u00e9e de lecture estim\u00e9e\" \/>\n\t<meta name=\"twitter:data1\" content=\"1 minute\" \/>\n<script type=\"application\/ld+json\" class=\"yoast-schema-graph\">{\"@context\":\"https:\\\/\\\/schema.org\",\"@graph\":[{\"@type\":\"WebPage\",\"@id\":\"https:\\\/\\\/shino-miniatures.fr\\\/ecom\\\/produit\\\/serpent-armure-epee-pistolet\\\/\",\"url\":\"https:\\\/\\\/shino-miniatures.fr\\\/ecom\\\/produit\\\/serpent-armure-epee-pistolet\\\/\",\"name\":\"Serpent avec \u00e9p\u00e9e et pistolet - Shino Miniatures\",\"isPartOf\":{\"@id\":\"https:\\\/\\\/shino-miniatures.fr\\\/ecom\\\/#website\"},\"primaryImageOfPage\":{\"@id\":\"https:\\\/\\\/shino-miniatures.fr\\\/ecom\\\/produit\\\/serpent-armure-epee-pistolet\\\/#primaryimage\"},\"image\":{\"@id\":\"https:\\\/\\\/shino-miniatures.fr\\\/ecom\\\/produit\\\/serpent-armure-epee-pistolet\\\/#primaryimage\"},\"thumbnailUrl\":\"https:\\\/\\\/shino-miniatures.fr\\\/ecom\\\/wp-content\\\/uploads\\\/2026\\\/02\\\/3d-ophidiens_armes_a_feu-02.jpg\",\"datePublished\":\"2026-02-24T13:12:07+00:00\",\"dateModified\":\"2026-02-24T13:18:22+00:00\",\"description\":\"Serpent avec armure, \u00e9p\u00e9e et pistolet style conquistador pr\u00eat \u00e0 attaquer en bondissant sur son ennemi et en lui plantant ses crocs dans la gorge\",\"breadcrumb\":{\"@id\":\"https:\\\/\\\/shino-miniatures.fr\\\/ecom\\\/produit\\\/serpent-armure-epee-pistolet\\\/#breadcrumb\"},\"inLanguage\":\"fr-FR\",\"potentialAction\":[{\"@type\":\"ReadAction\",\"target\":[\"https:\\\/\\\/shino-miniatures.fr\\\/ecom\\\/produit\\\/serpent-armure-epee-pistolet\\\/\"]}]},{\"@type\":\"ImageObject\",\"inLanguage\":\"fr-FR\",\"@id\":\"https:\\\/\\\/shino-miniatures.fr\\\/ecom\\\/produit\\\/serpent-armure-epee-pistolet\\\/#primaryimage\",\"url\":\"https:\\\/\\\/shino-miniatures.fr\\\/ecom\\\/wp-content\\\/uploads\\\/2026\\\/02\\\/3d-ophidiens_armes_a_feu-02.jpg\",\"contentUrl\":\"https:\\\/\\\/shino-miniatures.fr\\\/ecom\\\/wp-content\\\/uploads\\\/2026\\\/02\\\/3d-ophidiens_armes_a_feu-02.jpg\",\"width\":528,\"height\":600,\"caption\":\"Screenshot\"},{\"@type\":\"BreadcrumbList\",\"@id\":\"https:\\\/\\\/shino-miniatures.fr\\\/ecom\\\/produit\\\/serpent-armure-epee-pistolet\\\/#breadcrumb\",\"itemListElement\":[{\"@type\":\"ListItem\",\"position\":1,\"name\":\"Home\",\"item\":\"https:\\\/\\\/shino-miniatures.fr\\\/ecom\\\/\"},{\"@type\":\"ListItem\",\"position\":2,\"name\":\"Boutique\",\"item\":\"https:\\\/\\\/shino-miniatures.fr\\\/ecom\\\/\"},{\"@type\":\"ListItem\",\"position\":3,\"name\":\"Serpent avec \u00e9p\u00e9e et pistolet\"}]},{\"@type\":\"WebSite\",\"@id\":\"https:\\\/\\\/shino-miniatures.fr\\\/ecom\\\/#website\",\"url\":\"https:\\\/\\\/shino-miniatures.fr\\\/ecom\\\/\",\"name\":\"Shino Miniatures\",\"description\":\"Site de vente d&#039;impressions de figurines\",\"publisher\":{\"@id\":\"https:\\\/\\\/shino-miniatures.fr\\\/ecom\\\/#organization\"},\"potentialAction\":[{\"@type\":\"SearchAction\",\"target\":{\"@type\":\"EntryPoint\",\"urlTemplate\":\"https:\\\/\\\/shino-miniatures.fr\\\/ecom\\\/?s={search_term_string}\"},\"query-input\":{\"@type\":\"PropertyValueSpecification\",\"valueRequired\":true,\"valueName\":\"search_term_string\"}}],\"inLanguage\":\"fr-FR\"},{\"@type\":\"Organization\",\"@id\":\"https:\\\/\\\/shino-miniatures.fr\\\/ecom\\\/#organization\",\"name\":\"Shino Miniatures\",\"url\":\"https:\\\/\\\/shino-miniatures.fr\\\/ecom\\\/\",\"logo\":{\"@type\":\"ImageObject\",\"inLanguage\":\"fr-FR\",\"@id\":\"https:\\\/\\\/shino-miniatures.fr\\\/ecom\\\/#\\\/schema\\\/logo\\\/image\\\/\",\"url\":\"https:\\\/\\\/shino-miniatures.fr\\\/ecom\\\/wp-content\\\/uploads\\\/2025\\\/12\\\/logo-shino.png\",\"contentUrl\":\"https:\\\/\\\/shino-miniatures.fr\\\/ecom\\\/wp-content\\\/uploads\\\/2025\\\/12\\\/logo-shino.png\",\"width\":114,\"height\":122,\"caption\":\"Shino Miniatures\"},\"image\":{\"@id\":\"https:\\\/\\\/shino-miniatures.fr\\\/ecom\\\/#\\\/schema\\\/logo\\\/image\\\/\"}}]}<\/script>\n<!-- \/ Yoast SEO plugin. -->","yoast_head_json":{"title":"Serpent avec \u00e9p\u00e9e et pistolet - Shino Miniatures","description":"Serpent avec armure, \u00e9p\u00e9e et pistolet style conquistador pr\u00eat \u00e0 attaquer en bondissant sur son ennemi et en lui plantant ses crocs dans la gorge","robots":{"index":"index","follow":"follow","max-snippet":"max-snippet:-1","max-image-preview":"max-image-preview:large","max-video-preview":"max-video-preview:-1"},"canonical":"https:\/\/shino-miniatures.fr\/ecom\/produit\/serpent-armure-epee-pistolet\/","og_locale":"fr_FR","og_type":"article","og_title":"Serpent avec \u00e9p\u00e9e et pistolet - Shino Miniatures","og_description":"Serpent avec armure, \u00e9p\u00e9e et pistolet style conquistador pr\u00eat \u00e0 attaquer en bondissant sur son ennemi et en lui plantant ses crocs dans la gorge","og_url":"https:\/\/shino-miniatures.fr\/ecom\/produit\/serpent-armure-epee-pistolet\/","og_site_name":"Shino Miniatures","article_modified_time":"2026-02-24T13:18:22+00:00","og_image":[{"width":528,"height":600,"url":"https:\/\/shino-miniatures.fr\/ecom\/wp-content\/uploads\/2026\/02\/3d-ophidiens_armes_a_feu-02.jpg","type":"image\/jpeg"}],"twitter_card":"summary_large_image","twitter_misc":{"Dur\u00e9e de lecture estim\u00e9e":"1 minute"},"schema":{"@context":"https:\/\/schema.org","@graph":[{"@type":"WebPage","@id":"https:\/\/shino-miniatures.fr\/ecom\/produit\/serpent-armure-epee-pistolet\/","url":"https:\/\/shino-miniatures.fr\/ecom\/produit\/serpent-armure-epee-pistolet\/","name":"Serpent avec \u00e9p\u00e9e et pistolet - Shino Miniatures","isPartOf":{"@id":"https:\/\/shino-miniatures.fr\/ecom\/#website"},"primaryImageOfPage":{"@id":"https:\/\/shino-miniatures.fr\/ecom\/produit\/serpent-armure-epee-pistolet\/#primaryimage"},"image":{"@id":"https:\/\/shino-miniatures.fr\/ecom\/produit\/serpent-armure-epee-pistolet\/#primaryimage"},"thumbnailUrl":"https:\/\/shino-miniatures.fr\/ecom\/wp-content\/uploads\/2026\/02\/3d-ophidiens_armes_a_feu-02.jpg","datePublished":"2026-02-24T13:12:07+00:00","dateModified":"2026-02-24T13:18:22+00:00","description":"Serpent avec armure, \u00e9p\u00e9e et pistolet style conquistador pr\u00eat \u00e0 attaquer en bondissant sur son ennemi et en lui plantant ses crocs dans la gorge","breadcrumb":{"@id":"https:\/\/shino-miniatures.fr\/ecom\/produit\/serpent-armure-epee-pistolet\/#breadcrumb"},"inLanguage":"fr-FR","potentialAction":[{"@type":"ReadAction","target":["https:\/\/shino-miniatures.fr\/ecom\/produit\/serpent-armure-epee-pistolet\/"]}]},{"@type":"ImageObject","inLanguage":"fr-FR","@id":"https:\/\/shino-miniatures.fr\/ecom\/produit\/serpent-armure-epee-pistolet\/#primaryimage","url":"https:\/\/shino-miniatures.fr\/ecom\/wp-content\/uploads\/2026\/02\/3d-ophidiens_armes_a_feu-02.jpg","contentUrl":"https:\/\/shino-miniatures.fr\/ecom\/wp-content\/uploads\/2026\/02\/3d-ophidiens_armes_a_feu-02.jpg","width":528,"height":600,"caption":"Screenshot"},{"@type":"BreadcrumbList","@id":"https:\/\/shino-miniatures.fr\/ecom\/produit\/serpent-armure-epee-pistolet\/#breadcrumb","itemListElement":[{"@type":"ListItem","position":1,"name":"Home","item":"https:\/\/shino-miniatures.fr\/ecom\/"},{"@type":"ListItem","position":2,"name":"Boutique","item":"https:\/\/shino-miniatures.fr\/ecom\/"},{"@type":"ListItem","position":3,"name":"Serpent avec \u00e9p\u00e9e et pistolet"}]},{"@type":"WebSite","@id":"https:\/\/shino-miniatures.fr\/ecom\/#website","url":"https:\/\/shino-miniatures.fr\/ecom\/","name":"Shino Miniatures","description":"Site de vente d&#039;impressions de figurines","publisher":{"@id":"https:\/\/shino-miniatures.fr\/ecom\/#organization"},"potentialAction":[{"@type":"SearchAction","target":{"@type":"EntryPoint","urlTemplate":"https:\/\/shino-miniatures.fr\/ecom\/?s={search_term_string}"},"query-input":{"@type":"PropertyValueSpecification","valueRequired":true,"valueName":"search_term_string"}}],"inLanguage":"fr-FR"},{"@type":"Organization","@id":"https:\/\/shino-miniatures.fr\/ecom\/#organization","name":"Shino Miniatures","url":"https:\/\/shino-miniatures.fr\/ecom\/","logo":{"@type":"ImageObject","inLanguage":"fr-FR","@id":"https:\/\/shino-miniatures.fr\/ecom\/#\/schema\/logo\/image\/","url":"https:\/\/shino-miniatures.fr\/ecom\/wp-content\/uploads\/2025\/12\/logo-shino.png","contentUrl":"https:\/\/shino-miniatures.fr\/ecom\/wp-content\/uploads\/2025\/12\/logo-shino.png","width":114,"height":122,"caption":"Shino Miniatures"},"image":{"@id":"https:\/\/shino-miniatures.fr\/ecom\/#\/schema\/logo\/image\/"}}]}},"jetpack_sharing_enabled":true,"_links":{"self":[{"href":"https:\/\/shino-miniatures.fr\/ecom\/wp-json\/wp\/v2\/product\/1105","targetHints":{"allow":["GET"]}}],"collection":[{"href":"https:\/\/shino-miniatures.fr\/ecom\/wp-json\/wp\/v2\/product"}],"about":[{"href":"https:\/\/shino-miniatures.fr\/ecom\/wp-json\/wp\/v2\/types\/product"}],"wp:featuredmedia":[{"embeddable":true,"href":"https:\/\/shino-miniatures.fr\/ecom\/wp-json\/wp\/v2\/media\/1106"}],"wp:attachment":[{"href":"https:\/\/shino-miniatures.fr\/ecom\/wp-json\/wp\/v2\/media?parent=1105"}],"wp:term":[{"taxonomy":"product_brand","embeddable":true,"href":"https:\/\/shino-miniatures.fr\/ecom\/wp-json\/wp\/v2\/product_brand?post=1105"},{"taxonomy":"product_cat","embeddable":true,"href":"https:\/\/shino-miniatures.fr\/ecom\/wp-json\/wp\/v2\/product_cat?post=1105"},{"taxonomy":"product_tag","embeddable":true,"href":"https:\/\/shino-miniatures.fr\/ecom\/wp-json\/wp\/v2\/product_tag?post=1105"}],"curies":[{"name":"wp","href":"https:\/\/api.w.org\/{rel}","templated":true}]}}