{"id":1098,"date":"2026-02-15T18:13:14","date_gmt":"2026-02-15T17:13:14","guid":{"rendered":"https:\/\/shino-miniatures.fr\/ecom\/?post_type=product&#038;p=1098"},"modified":"2026-02-15T18:22:30","modified_gmt":"2026-02-15T17:22:30","slug":"assassin-epouvantail","status":"publish","type":"product","link":"https:\/\/shino-miniatures.fr\/ecom\/produit\/assassin-epouvantail\/","title":{"rendered":"Assassin avec \u00e9pouvantail"},"content":{"rendered":"<p>Assassin avec un masque, 2 \u00e9p\u00e9es et un \u00e9pouvantail sur lequel sont perch\u00e9s des corbeaux<\/p>\n","protected":false},"excerpt":{"rendered":"<p>Assassin avec un masque, 2 \u00e9p\u00e9es et un \u00e9pouvantail sur lequel sont perch\u00e9s des corbeaux<\/p>\n","protected":false},"featured_media":1099,"template":"","meta":[],"product_brand":[20],"product_cat":[16],"product_tag":[102,336,26,337,24],"class_list":{"0":"post-1098","1":"product","2":"type-product","3":"status-publish","4":"has-post-thumbnail","6":"product_brand-shino","7":"product_cat-figurines","8":"product_tag-assassin","9":"product_tag-corbeaux","10":"product_tag-epee","11":"product_tag-epouvantail","12":"product_tag-proxyconf","13":"pa_taille-40mm","15":"first","16":"instock","17":"shipping-taxable","18":"purchasable","19":"product-type-simple"},"yoast_head":"<!-- This site is optimized with the Yoast SEO plugin v27.3 - https:\/\/yoast.com\/product\/yoast-seo-wordpress\/ -->\n<title>Assassin avec \u00e9pouvantail - Shino Miniatures<\/title>\n<meta name=\"description\" content=\"Assassin avec un masque, 2 \u00e9p\u00e9es et un \u00e9pouvantail sur lequel sont perch\u00e9s des corbeaux pr\u00eat \u00e0 accomplir sa sale besogne \u00e0 partir du moment o\u00f9 il est pay\u00e9\" \/>\n<meta name=\"robots\" content=\"index, follow, max-snippet:-1, max-image-preview:large, max-video-preview:-1\" \/>\n<link rel=\"canonical\" href=\"https:\/\/shino-miniatures.fr\/ecom\/produit\/assassin-epouvantail\/\" \/>\n<meta property=\"og:locale\" content=\"fr_FR\" \/>\n<meta property=\"og:type\" content=\"article\" \/>\n<meta property=\"og:title\" content=\"Assassin avec \u00e9pouvantail - Shino Miniatures\" \/>\n<meta property=\"og:description\" content=\"Assassin avec un masque, 2 \u00e9p\u00e9es et un \u00e9pouvantail sur lequel sont perch\u00e9s des corbeaux pr\u00eat \u00e0 accomplir sa sale besogne \u00e0 partir du moment o\u00f9 il est pay\u00e9\" \/>\n<meta property=\"og:url\" content=\"https:\/\/shino-miniatures.fr\/ecom\/produit\/assassin-epouvantail\/\" \/>\n<meta property=\"og:site_name\" content=\"Shino Miniatures\" \/>\n<meta property=\"article:modified_time\" content=\"2026-02-15T17:22:30+00:00\" \/>\n<meta property=\"og:image\" content=\"https:\/\/shino-miniatures.fr\/ecom\/wp-content\/uploads\/2026\/02\/3d-cadwallon_the_scarecrow_2.jpg\" \/>\n\t<meta property=\"og:image:width\" content=\"476\" \/>\n\t<meta property=\"og:image:height\" content=\"597\" \/>\n\t<meta property=\"og:image:type\" content=\"image\/jpeg\" \/>\n<meta name=\"twitter:card\" content=\"summary_large_image\" \/>\n<meta name=\"twitter:label1\" content=\"Dur\u00e9e de lecture estim\u00e9e\" \/>\n\t<meta name=\"twitter:data1\" content=\"1 minute\" \/>\n<script type=\"application\/ld+json\" class=\"yoast-schema-graph\">{\"@context\":\"https:\\\/\\\/schema.org\",\"@graph\":[{\"@type\":\"WebPage\",\"@id\":\"https:\\\/\\\/shino-miniatures.fr\\\/ecom\\\/produit\\\/assassin-epouvantail\\\/\",\"url\":\"https:\\\/\\\/shino-miniatures.fr\\\/ecom\\\/produit\\\/assassin-epouvantail\\\/\",\"name\":\"Assassin avec \u00e9pouvantail - Shino Miniatures\",\"isPartOf\":{\"@id\":\"https:\\\/\\\/shino-miniatures.fr\\\/ecom\\\/#website\"},\"primaryImageOfPage\":{\"@id\":\"https:\\\/\\\/shino-miniatures.fr\\\/ecom\\\/produit\\\/assassin-epouvantail\\\/#primaryimage\"},\"image\":{\"@id\":\"https:\\\/\\\/shino-miniatures.fr\\\/ecom\\\/produit\\\/assassin-epouvantail\\\/#primaryimage\"},\"thumbnailUrl\":\"https:\\\/\\\/shino-miniatures.fr\\\/ecom\\\/wp-content\\\/uploads\\\/2026\\\/02\\\/3d-cadwallon_the_scarecrow_2.jpg\",\"datePublished\":\"2026-02-15T17:13:14+00:00\",\"dateModified\":\"2026-02-15T17:22:30+00:00\",\"description\":\"Assassin avec un masque, 2 \u00e9p\u00e9es et un \u00e9pouvantail sur lequel sont perch\u00e9s des corbeaux pr\u00eat \u00e0 accomplir sa sale besogne \u00e0 partir du moment o\u00f9 il est pay\u00e9\",\"breadcrumb\":{\"@id\":\"https:\\\/\\\/shino-miniatures.fr\\\/ecom\\\/produit\\\/assassin-epouvantail\\\/#breadcrumb\"},\"inLanguage\":\"fr-FR\",\"potentialAction\":[{\"@type\":\"ReadAction\",\"target\":[\"https:\\\/\\\/shino-miniatures.fr\\\/ecom\\\/produit\\\/assassin-epouvantail\\\/\"]}]},{\"@type\":\"ImageObject\",\"inLanguage\":\"fr-FR\",\"@id\":\"https:\\\/\\\/shino-miniatures.fr\\\/ecom\\\/produit\\\/assassin-epouvantail\\\/#primaryimage\",\"url\":\"https:\\\/\\\/shino-miniatures.fr\\\/ecom\\\/wp-content\\\/uploads\\\/2026\\\/02\\\/3d-cadwallon_the_scarecrow_2.jpg\",\"contentUrl\":\"https:\\\/\\\/shino-miniatures.fr\\\/ecom\\\/wp-content\\\/uploads\\\/2026\\\/02\\\/3d-cadwallon_the_scarecrow_2.jpg\",\"width\":476,\"height\":597,\"caption\":\"Screenshot\"},{\"@type\":\"BreadcrumbList\",\"@id\":\"https:\\\/\\\/shino-miniatures.fr\\\/ecom\\\/produit\\\/assassin-epouvantail\\\/#breadcrumb\",\"itemListElement\":[{\"@type\":\"ListItem\",\"position\":1,\"name\":\"Home\",\"item\":\"https:\\\/\\\/shino-miniatures.fr\\\/ecom\\\/\"},{\"@type\":\"ListItem\",\"position\":2,\"name\":\"Boutique\",\"item\":\"https:\\\/\\\/shino-miniatures.fr\\\/ecom\\\/\"},{\"@type\":\"ListItem\",\"position\":3,\"name\":\"Assassin avec \u00e9pouvantail\"}]},{\"@type\":\"WebSite\",\"@id\":\"https:\\\/\\\/shino-miniatures.fr\\\/ecom\\\/#website\",\"url\":\"https:\\\/\\\/shino-miniatures.fr\\\/ecom\\\/\",\"name\":\"Shino Miniatures\",\"description\":\"Site de vente d&#039;impressions de figurines\",\"publisher\":{\"@id\":\"https:\\\/\\\/shino-miniatures.fr\\\/ecom\\\/#organization\"},\"potentialAction\":[{\"@type\":\"SearchAction\",\"target\":{\"@type\":\"EntryPoint\",\"urlTemplate\":\"https:\\\/\\\/shino-miniatures.fr\\\/ecom\\\/?s={search_term_string}\"},\"query-input\":{\"@type\":\"PropertyValueSpecification\",\"valueRequired\":true,\"valueName\":\"search_term_string\"}}],\"inLanguage\":\"fr-FR\"},{\"@type\":\"Organization\",\"@id\":\"https:\\\/\\\/shino-miniatures.fr\\\/ecom\\\/#organization\",\"name\":\"Shino Miniatures\",\"url\":\"https:\\\/\\\/shino-miniatures.fr\\\/ecom\\\/\",\"logo\":{\"@type\":\"ImageObject\",\"inLanguage\":\"fr-FR\",\"@id\":\"https:\\\/\\\/shino-miniatures.fr\\\/ecom\\\/#\\\/schema\\\/logo\\\/image\\\/\",\"url\":\"https:\\\/\\\/shino-miniatures.fr\\\/ecom\\\/wp-content\\\/uploads\\\/2025\\\/12\\\/logo-shino.png\",\"contentUrl\":\"https:\\\/\\\/shino-miniatures.fr\\\/ecom\\\/wp-content\\\/uploads\\\/2025\\\/12\\\/logo-shino.png\",\"width\":114,\"height\":122,\"caption\":\"Shino Miniatures\"},\"image\":{\"@id\":\"https:\\\/\\\/shino-miniatures.fr\\\/ecom\\\/#\\\/schema\\\/logo\\\/image\\\/\"}}]}<\/script>\n<!-- \/ Yoast SEO plugin. -->","yoast_head_json":{"title":"Assassin avec \u00e9pouvantail - Shino Miniatures","description":"Assassin avec un masque, 2 \u00e9p\u00e9es et un \u00e9pouvantail sur lequel sont perch\u00e9s des corbeaux pr\u00eat \u00e0 accomplir sa sale besogne \u00e0 partir du moment o\u00f9 il est pay\u00e9","robots":{"index":"index","follow":"follow","max-snippet":"max-snippet:-1","max-image-preview":"max-image-preview:large","max-video-preview":"max-video-preview:-1"},"canonical":"https:\/\/shino-miniatures.fr\/ecom\/produit\/assassin-epouvantail\/","og_locale":"fr_FR","og_type":"article","og_title":"Assassin avec \u00e9pouvantail - Shino Miniatures","og_description":"Assassin avec un masque, 2 \u00e9p\u00e9es et un \u00e9pouvantail sur lequel sont perch\u00e9s des corbeaux pr\u00eat \u00e0 accomplir sa sale besogne \u00e0 partir du moment o\u00f9 il est pay\u00e9","og_url":"https:\/\/shino-miniatures.fr\/ecom\/produit\/assassin-epouvantail\/","og_site_name":"Shino Miniatures","article_modified_time":"2026-02-15T17:22:30+00:00","og_image":[{"width":476,"height":597,"url":"https:\/\/shino-miniatures.fr\/ecom\/wp-content\/uploads\/2026\/02\/3d-cadwallon_the_scarecrow_2.jpg","type":"image\/jpeg"}],"twitter_card":"summary_large_image","twitter_misc":{"Dur\u00e9e de lecture estim\u00e9e":"1 minute"},"schema":{"@context":"https:\/\/schema.org","@graph":[{"@type":"WebPage","@id":"https:\/\/shino-miniatures.fr\/ecom\/produit\/assassin-epouvantail\/","url":"https:\/\/shino-miniatures.fr\/ecom\/produit\/assassin-epouvantail\/","name":"Assassin avec \u00e9pouvantail - Shino Miniatures","isPartOf":{"@id":"https:\/\/shino-miniatures.fr\/ecom\/#website"},"primaryImageOfPage":{"@id":"https:\/\/shino-miniatures.fr\/ecom\/produit\/assassin-epouvantail\/#primaryimage"},"image":{"@id":"https:\/\/shino-miniatures.fr\/ecom\/produit\/assassin-epouvantail\/#primaryimage"},"thumbnailUrl":"https:\/\/shino-miniatures.fr\/ecom\/wp-content\/uploads\/2026\/02\/3d-cadwallon_the_scarecrow_2.jpg","datePublished":"2026-02-15T17:13:14+00:00","dateModified":"2026-02-15T17:22:30+00:00","description":"Assassin avec un masque, 2 \u00e9p\u00e9es et un \u00e9pouvantail sur lequel sont perch\u00e9s des corbeaux pr\u00eat \u00e0 accomplir sa sale besogne \u00e0 partir du moment o\u00f9 il est pay\u00e9","breadcrumb":{"@id":"https:\/\/shino-miniatures.fr\/ecom\/produit\/assassin-epouvantail\/#breadcrumb"},"inLanguage":"fr-FR","potentialAction":[{"@type":"ReadAction","target":["https:\/\/shino-miniatures.fr\/ecom\/produit\/assassin-epouvantail\/"]}]},{"@type":"ImageObject","inLanguage":"fr-FR","@id":"https:\/\/shino-miniatures.fr\/ecom\/produit\/assassin-epouvantail\/#primaryimage","url":"https:\/\/shino-miniatures.fr\/ecom\/wp-content\/uploads\/2026\/02\/3d-cadwallon_the_scarecrow_2.jpg","contentUrl":"https:\/\/shino-miniatures.fr\/ecom\/wp-content\/uploads\/2026\/02\/3d-cadwallon_the_scarecrow_2.jpg","width":476,"height":597,"caption":"Screenshot"},{"@type":"BreadcrumbList","@id":"https:\/\/shino-miniatures.fr\/ecom\/produit\/assassin-epouvantail\/#breadcrumb","itemListElement":[{"@type":"ListItem","position":1,"name":"Home","item":"https:\/\/shino-miniatures.fr\/ecom\/"},{"@type":"ListItem","position":2,"name":"Boutique","item":"https:\/\/shino-miniatures.fr\/ecom\/"},{"@type":"ListItem","position":3,"name":"Assassin avec \u00e9pouvantail"}]},{"@type":"WebSite","@id":"https:\/\/shino-miniatures.fr\/ecom\/#website","url":"https:\/\/shino-miniatures.fr\/ecom\/","name":"Shino Miniatures","description":"Site de vente d&#039;impressions de figurines","publisher":{"@id":"https:\/\/shino-miniatures.fr\/ecom\/#organization"},"potentialAction":[{"@type":"SearchAction","target":{"@type":"EntryPoint","urlTemplate":"https:\/\/shino-miniatures.fr\/ecom\/?s={search_term_string}"},"query-input":{"@type":"PropertyValueSpecification","valueRequired":true,"valueName":"search_term_string"}}],"inLanguage":"fr-FR"},{"@type":"Organization","@id":"https:\/\/shino-miniatures.fr\/ecom\/#organization","name":"Shino Miniatures","url":"https:\/\/shino-miniatures.fr\/ecom\/","logo":{"@type":"ImageObject","inLanguage":"fr-FR","@id":"https:\/\/shino-miniatures.fr\/ecom\/#\/schema\/logo\/image\/","url":"https:\/\/shino-miniatures.fr\/ecom\/wp-content\/uploads\/2025\/12\/logo-shino.png","contentUrl":"https:\/\/shino-miniatures.fr\/ecom\/wp-content\/uploads\/2025\/12\/logo-shino.png","width":114,"height":122,"caption":"Shino Miniatures"},"image":{"@id":"https:\/\/shino-miniatures.fr\/ecom\/#\/schema\/logo\/image\/"}}]}},"jetpack_sharing_enabled":true,"_links":{"self":[{"href":"https:\/\/shino-miniatures.fr\/ecom\/wp-json\/wp\/v2\/product\/1098","targetHints":{"allow":["GET"]}}],"collection":[{"href":"https:\/\/shino-miniatures.fr\/ecom\/wp-json\/wp\/v2\/product"}],"about":[{"href":"https:\/\/shino-miniatures.fr\/ecom\/wp-json\/wp\/v2\/types\/product"}],"wp:featuredmedia":[{"embeddable":true,"href":"https:\/\/shino-miniatures.fr\/ecom\/wp-json\/wp\/v2\/media\/1099"}],"wp:attachment":[{"href":"https:\/\/shino-miniatures.fr\/ecom\/wp-json\/wp\/v2\/media?parent=1098"}],"wp:term":[{"taxonomy":"product_brand","embeddable":true,"href":"https:\/\/shino-miniatures.fr\/ecom\/wp-json\/wp\/v2\/product_brand?post=1098"},{"taxonomy":"product_cat","embeddable":true,"href":"https:\/\/shino-miniatures.fr\/ecom\/wp-json\/wp\/v2\/product_cat?post=1098"},{"taxonomy":"product_tag","embeddable":true,"href":"https:\/\/shino-miniatures.fr\/ecom\/wp-json\/wp\/v2\/product_tag?post=1098"}],"curies":[{"name":"wp","href":"https:\/\/api.w.org\/{rel}","templated":true}]}}