{"id":1076,"date":"2026-02-06T16:23:26","date_gmt":"2026-02-06T15:23:26","guid":{"rendered":"https:\/\/shino-miniatures.fr\/ecom\/?post_type=product&#038;p=1076"},"modified":"2026-02-07T02:35:49","modified_gmt":"2026-02-07T01:35:49","slug":"gobelin-avec-robot-armure-2","status":"publish","type":"product","link":"https:\/\/shino-miniatures.fr\/ecom\/produit\/gobelin-avec-robot-armure-2\/","title":{"rendered":"Gobelin avec robot-armure 2"},"content":{"rendered":"<p>Gobelin avec armure \u00e0 vapeur pilot\u00e9e et un tromblon<\/p>\n","protected":false},"excerpt":{"rendered":"<p>Gobelin avec armure \u00e0 vapeur pilot\u00e9e et un tromblon<\/p>\n","protected":false},"featured_media":1079,"template":"","meta":[],"product_brand":[20],"product_cat":[16],"product_tag":[35,91,141,24],"class_list":{"0":"post-1076","1":"product","2":"type-product","3":"status-publish","4":"has-post-thumbnail","6":"product_brand-shino","7":"product_cat-figurines","8":"product_tag-armure","9":"product_tag-canon","10":"product_tag-gobelin","11":"product_tag-proxyconf","12":"pa_taille-50mm","14":"first","15":"instock","16":"shipping-taxable","17":"purchasable","18":"product-type-simple"},"yoast_head":"<!-- This site is optimized with the Yoast SEO plugin v27.3 - https:\/\/yoast.com\/product\/yoast-seo-wordpress\/ -->\n<title>Gobelin avec robot-armure 2 - Shino Miniatures<\/title>\n<meta name=\"description\" content=\"Gobelin avec une armure \u00e0 vapeur dot\u00e9e d&#039;un poing g\u00e9ant et un tromblon pilot\u00e9e avec des chemin\u00e9es pour \u00e9vacuer les fum\u00e9es\" \/>\n<meta name=\"robots\" content=\"index, follow, max-snippet:-1, max-image-preview:large, max-video-preview:-1\" \/>\n<link rel=\"canonical\" href=\"https:\/\/shino-miniatures.fr\/ecom\/produit\/gobelin-avec-robot-armure-2\/\" \/>\n<meta property=\"og:locale\" content=\"fr_FR\" \/>\n<meta property=\"og:type\" content=\"article\" \/>\n<meta property=\"og:title\" content=\"Gobelin avec robot-armure 2 - Shino Miniatures\" \/>\n<meta property=\"og:description\" content=\"Gobelin avec une armure \u00e0 vapeur dot\u00e9e d&#039;un poing g\u00e9ant et un tromblon pilot\u00e9e avec des chemin\u00e9es pour \u00e9vacuer les fum\u00e9es\" \/>\n<meta property=\"og:url\" content=\"https:\/\/shino-miniatures.fr\/ecom\/produit\/gobelin-avec-robot-armure-2\/\" \/>\n<meta property=\"og:site_name\" content=\"Shino Miniatures\" \/>\n<meta property=\"article:modified_time\" content=\"2026-02-07T01:35:49+00:00\" \/>\n<meta property=\"og:image\" content=\"https:\/\/shino-miniatures.fr\/ecom\/wp-content\/uploads\/2026\/02\/Gob_Prototype_Golgoth_2.png\" \/>\n\t<meta property=\"og:image:width\" content=\"733\" \/>\n\t<meta property=\"og:image:height\" content=\"648\" \/>\n\t<meta property=\"og:image:type\" content=\"image\/png\" \/>\n<meta name=\"twitter:card\" content=\"summary_large_image\" \/>\n<meta name=\"twitter:label1\" content=\"Dur\u00e9e de lecture estim\u00e9e\" \/>\n\t<meta name=\"twitter:data1\" content=\"1 minute\" \/>\n<script type=\"application\/ld+json\" class=\"yoast-schema-graph\">{\"@context\":\"https:\\\/\\\/schema.org\",\"@graph\":[{\"@type\":\"WebPage\",\"@id\":\"https:\\\/\\\/shino-miniatures.fr\\\/ecom\\\/produit\\\/gobelin-avec-robot-armure-2\\\/\",\"url\":\"https:\\\/\\\/shino-miniatures.fr\\\/ecom\\\/produit\\\/gobelin-avec-robot-armure-2\\\/\",\"name\":\"Gobelin avec robot-armure 2 - Shino Miniatures\",\"isPartOf\":{\"@id\":\"https:\\\/\\\/shino-miniatures.fr\\\/ecom\\\/#website\"},\"primaryImageOfPage\":{\"@id\":\"https:\\\/\\\/shino-miniatures.fr\\\/ecom\\\/produit\\\/gobelin-avec-robot-armure-2\\\/#primaryimage\"},\"image\":{\"@id\":\"https:\\\/\\\/shino-miniatures.fr\\\/ecom\\\/produit\\\/gobelin-avec-robot-armure-2\\\/#primaryimage\"},\"thumbnailUrl\":\"https:\\\/\\\/shino-miniatures.fr\\\/ecom\\\/wp-content\\\/uploads\\\/2026\\\/02\\\/Gob_Prototype_Golgoth_2.png\",\"datePublished\":\"2026-02-06T15:23:26+00:00\",\"dateModified\":\"2026-02-07T01:35:49+00:00\",\"description\":\"Gobelin avec une armure \u00e0 vapeur dot\u00e9e d'un poing g\u00e9ant et un tromblon pilot\u00e9e avec des chemin\u00e9es pour \u00e9vacuer les fum\u00e9es\",\"breadcrumb\":{\"@id\":\"https:\\\/\\\/shino-miniatures.fr\\\/ecom\\\/produit\\\/gobelin-avec-robot-armure-2\\\/#breadcrumb\"},\"inLanguage\":\"fr-FR\",\"potentialAction\":[{\"@type\":\"ReadAction\",\"target\":[\"https:\\\/\\\/shino-miniatures.fr\\\/ecom\\\/produit\\\/gobelin-avec-robot-armure-2\\\/\"]}]},{\"@type\":\"ImageObject\",\"inLanguage\":\"fr-FR\",\"@id\":\"https:\\\/\\\/shino-miniatures.fr\\\/ecom\\\/produit\\\/gobelin-avec-robot-armure-2\\\/#primaryimage\",\"url\":\"https:\\\/\\\/shino-miniatures.fr\\\/ecom\\\/wp-content\\\/uploads\\\/2026\\\/02\\\/Gob_Prototype_Golgoth_2.png\",\"contentUrl\":\"https:\\\/\\\/shino-miniatures.fr\\\/ecom\\\/wp-content\\\/uploads\\\/2026\\\/02\\\/Gob_Prototype_Golgoth_2.png\",\"width\":733,\"height\":648},{\"@type\":\"BreadcrumbList\",\"@id\":\"https:\\\/\\\/shino-miniatures.fr\\\/ecom\\\/produit\\\/gobelin-avec-robot-armure-2\\\/#breadcrumb\",\"itemListElement\":[{\"@type\":\"ListItem\",\"position\":1,\"name\":\"Home\",\"item\":\"https:\\\/\\\/shino-miniatures.fr\\\/ecom\\\/\"},{\"@type\":\"ListItem\",\"position\":2,\"name\":\"Boutique\",\"item\":\"https:\\\/\\\/shino-miniatures.fr\\\/ecom\\\/\"},{\"@type\":\"ListItem\",\"position\":3,\"name\":\"Gobelin avec robot-armure 2\"}]},{\"@type\":\"WebSite\",\"@id\":\"https:\\\/\\\/shino-miniatures.fr\\\/ecom\\\/#website\",\"url\":\"https:\\\/\\\/shino-miniatures.fr\\\/ecom\\\/\",\"name\":\"Shino Miniatures\",\"description\":\"Site de vente d&#039;impressions de figurines\",\"publisher\":{\"@id\":\"https:\\\/\\\/shino-miniatures.fr\\\/ecom\\\/#organization\"},\"potentialAction\":[{\"@type\":\"SearchAction\",\"target\":{\"@type\":\"EntryPoint\",\"urlTemplate\":\"https:\\\/\\\/shino-miniatures.fr\\\/ecom\\\/?s={search_term_string}\"},\"query-input\":{\"@type\":\"PropertyValueSpecification\",\"valueRequired\":true,\"valueName\":\"search_term_string\"}}],\"inLanguage\":\"fr-FR\"},{\"@type\":\"Organization\",\"@id\":\"https:\\\/\\\/shino-miniatures.fr\\\/ecom\\\/#organization\",\"name\":\"Shino Miniatures\",\"url\":\"https:\\\/\\\/shino-miniatures.fr\\\/ecom\\\/\",\"logo\":{\"@type\":\"ImageObject\",\"inLanguage\":\"fr-FR\",\"@id\":\"https:\\\/\\\/shino-miniatures.fr\\\/ecom\\\/#\\\/schema\\\/logo\\\/image\\\/\",\"url\":\"https:\\\/\\\/shino-miniatures.fr\\\/ecom\\\/wp-content\\\/uploads\\\/2025\\\/12\\\/logo-shino.png\",\"contentUrl\":\"https:\\\/\\\/shino-miniatures.fr\\\/ecom\\\/wp-content\\\/uploads\\\/2025\\\/12\\\/logo-shino.png\",\"width\":114,\"height\":122,\"caption\":\"Shino Miniatures\"},\"image\":{\"@id\":\"https:\\\/\\\/shino-miniatures.fr\\\/ecom\\\/#\\\/schema\\\/logo\\\/image\\\/\"}}]}<\/script>\n<!-- \/ Yoast SEO plugin. -->","yoast_head_json":{"title":"Gobelin avec robot-armure 2 - Shino Miniatures","description":"Gobelin avec une armure \u00e0 vapeur dot\u00e9e d'un poing g\u00e9ant et un tromblon pilot\u00e9e avec des chemin\u00e9es pour \u00e9vacuer les fum\u00e9es","robots":{"index":"index","follow":"follow","max-snippet":"max-snippet:-1","max-image-preview":"max-image-preview:large","max-video-preview":"max-video-preview:-1"},"canonical":"https:\/\/shino-miniatures.fr\/ecom\/produit\/gobelin-avec-robot-armure-2\/","og_locale":"fr_FR","og_type":"article","og_title":"Gobelin avec robot-armure 2 - Shino Miniatures","og_description":"Gobelin avec une armure \u00e0 vapeur dot\u00e9e d'un poing g\u00e9ant et un tromblon pilot\u00e9e avec des chemin\u00e9es pour \u00e9vacuer les fum\u00e9es","og_url":"https:\/\/shino-miniatures.fr\/ecom\/produit\/gobelin-avec-robot-armure-2\/","og_site_name":"Shino Miniatures","article_modified_time":"2026-02-07T01:35:49+00:00","og_image":[{"width":733,"height":648,"url":"https:\/\/shino-miniatures.fr\/ecom\/wp-content\/uploads\/2026\/02\/Gob_Prototype_Golgoth_2.png","type":"image\/png"}],"twitter_card":"summary_large_image","twitter_misc":{"Dur\u00e9e de lecture estim\u00e9e":"1 minute"},"schema":{"@context":"https:\/\/schema.org","@graph":[{"@type":"WebPage","@id":"https:\/\/shino-miniatures.fr\/ecom\/produit\/gobelin-avec-robot-armure-2\/","url":"https:\/\/shino-miniatures.fr\/ecom\/produit\/gobelin-avec-robot-armure-2\/","name":"Gobelin avec robot-armure 2 - Shino Miniatures","isPartOf":{"@id":"https:\/\/shino-miniatures.fr\/ecom\/#website"},"primaryImageOfPage":{"@id":"https:\/\/shino-miniatures.fr\/ecom\/produit\/gobelin-avec-robot-armure-2\/#primaryimage"},"image":{"@id":"https:\/\/shino-miniatures.fr\/ecom\/produit\/gobelin-avec-robot-armure-2\/#primaryimage"},"thumbnailUrl":"https:\/\/shino-miniatures.fr\/ecom\/wp-content\/uploads\/2026\/02\/Gob_Prototype_Golgoth_2.png","datePublished":"2026-02-06T15:23:26+00:00","dateModified":"2026-02-07T01:35:49+00:00","description":"Gobelin avec une armure \u00e0 vapeur dot\u00e9e d'un poing g\u00e9ant et un tromblon pilot\u00e9e avec des chemin\u00e9es pour \u00e9vacuer les fum\u00e9es","breadcrumb":{"@id":"https:\/\/shino-miniatures.fr\/ecom\/produit\/gobelin-avec-robot-armure-2\/#breadcrumb"},"inLanguage":"fr-FR","potentialAction":[{"@type":"ReadAction","target":["https:\/\/shino-miniatures.fr\/ecom\/produit\/gobelin-avec-robot-armure-2\/"]}]},{"@type":"ImageObject","inLanguage":"fr-FR","@id":"https:\/\/shino-miniatures.fr\/ecom\/produit\/gobelin-avec-robot-armure-2\/#primaryimage","url":"https:\/\/shino-miniatures.fr\/ecom\/wp-content\/uploads\/2026\/02\/Gob_Prototype_Golgoth_2.png","contentUrl":"https:\/\/shino-miniatures.fr\/ecom\/wp-content\/uploads\/2026\/02\/Gob_Prototype_Golgoth_2.png","width":733,"height":648},{"@type":"BreadcrumbList","@id":"https:\/\/shino-miniatures.fr\/ecom\/produit\/gobelin-avec-robot-armure-2\/#breadcrumb","itemListElement":[{"@type":"ListItem","position":1,"name":"Home","item":"https:\/\/shino-miniatures.fr\/ecom\/"},{"@type":"ListItem","position":2,"name":"Boutique","item":"https:\/\/shino-miniatures.fr\/ecom\/"},{"@type":"ListItem","position":3,"name":"Gobelin avec robot-armure 2"}]},{"@type":"WebSite","@id":"https:\/\/shino-miniatures.fr\/ecom\/#website","url":"https:\/\/shino-miniatures.fr\/ecom\/","name":"Shino Miniatures","description":"Site de vente d&#039;impressions de figurines","publisher":{"@id":"https:\/\/shino-miniatures.fr\/ecom\/#organization"},"potentialAction":[{"@type":"SearchAction","target":{"@type":"EntryPoint","urlTemplate":"https:\/\/shino-miniatures.fr\/ecom\/?s={search_term_string}"},"query-input":{"@type":"PropertyValueSpecification","valueRequired":true,"valueName":"search_term_string"}}],"inLanguage":"fr-FR"},{"@type":"Organization","@id":"https:\/\/shino-miniatures.fr\/ecom\/#organization","name":"Shino Miniatures","url":"https:\/\/shino-miniatures.fr\/ecom\/","logo":{"@type":"ImageObject","inLanguage":"fr-FR","@id":"https:\/\/shino-miniatures.fr\/ecom\/#\/schema\/logo\/image\/","url":"https:\/\/shino-miniatures.fr\/ecom\/wp-content\/uploads\/2025\/12\/logo-shino.png","contentUrl":"https:\/\/shino-miniatures.fr\/ecom\/wp-content\/uploads\/2025\/12\/logo-shino.png","width":114,"height":122,"caption":"Shino Miniatures"},"image":{"@id":"https:\/\/shino-miniatures.fr\/ecom\/#\/schema\/logo\/image\/"}}]}},"jetpack_sharing_enabled":true,"_links":{"self":[{"href":"https:\/\/shino-miniatures.fr\/ecom\/wp-json\/wp\/v2\/product\/1076","targetHints":{"allow":["GET"]}}],"collection":[{"href":"https:\/\/shino-miniatures.fr\/ecom\/wp-json\/wp\/v2\/product"}],"about":[{"href":"https:\/\/shino-miniatures.fr\/ecom\/wp-json\/wp\/v2\/types\/product"}],"wp:featuredmedia":[{"embeddable":true,"href":"https:\/\/shino-miniatures.fr\/ecom\/wp-json\/wp\/v2\/media\/1079"}],"wp:attachment":[{"href":"https:\/\/shino-miniatures.fr\/ecom\/wp-json\/wp\/v2\/media?parent=1076"}],"wp:term":[{"taxonomy":"product_brand","embeddable":true,"href":"https:\/\/shino-miniatures.fr\/ecom\/wp-json\/wp\/v2\/product_brand?post=1076"},{"taxonomy":"product_cat","embeddable":true,"href":"https:\/\/shino-miniatures.fr\/ecom\/wp-json\/wp\/v2\/product_cat?post=1076"},{"taxonomy":"product_tag","embeddable":true,"href":"https:\/\/shino-miniatures.fr\/ecom\/wp-json\/wp\/v2\/product_tag?post=1076"}],"curies":[{"name":"wp","href":"https:\/\/api.w.org\/{rel}","templated":true}]}}