{"id":439,"date":"2025-12-06T22:29:04","date_gmt":"2025-12-06T21:29:04","guid":{"rendered":"https:\/\/shino-miniatures.fr\/ecom\/?page_id=439"},"modified":"2025-12-06T22:29:09","modified_gmt":"2025-12-06T21:29:09","slug":"cgv","status":"publish","type":"page","link":"https:\/\/shino-miniatures.fr\/ecom\/cgv\/","title":{"rendered":"CGV"},"content":{"rendered":"\n<p><strong>Pr\u00e9ambule&nbsp;<\/strong><\/p>\n\n\n\n<p>Le site de vente en ligne <a href=\"https:\/\/shino-miniatures.fr\/\">https:\/\/shino-miniatures.fr<\/a> est g\u00e9r\u00e9 par le particulier <strong>GARLIN Ludovic<\/strong> situ\u00e9 \u00e0 <strong>69250 \u2013 Curis au Mont d\u2019Or<\/strong> sous le pseudonyme <strong>Shino Miniatures<\/strong>, pour r\u00e9aliser des ventes occasionnelles.<\/p>\n\n\n\n<p>Conform\u00e9ment \u00e0 la loi Fran\u00e7aise, au cas o\u00f9 les ventes d\u00e9passeraient les seuils pour un particulier, la cr\u00e9ation d\u2019une soci\u00e9t\u00e9 sera envisag\u00e9e.<\/p>\n\n\n\n<p>Il est pr\u00e9alablement pr\u00e9cis\u00e9 que les pr\u00e9sentes conditions r\u00e9gissent les ventes de ses produits par <strong>Shino Miniatures <\/strong>aupr\u00e8s de toute personne physique mais non morale (seulement pour des particuliers) proc\u00e9dant \u00e0 un achat via le site internet <a href=\"https:\/\/shino-miniatures.fr\/\">https:\/\/shino-miniatures.fr<\/a><a href=\"https:\/\/shino-miniatures.fr\/\"><strong>,<\/strong><\/a>d\u00e9nomm\u00e9e ci-apr\u00e8s \u201cle CLIENT\u201d.<\/p>\n\n\n\n<p>Les pr\u00e9sentes Conditions G\u00e9n\u00e9rales de Vente, ainsi que le bon de commande et la confirmation de commande constituent le contrat de vente entre <strong>Shino Miniatures <\/strong>et le CLIENT relatif \u00e0 la vente des produits command\u00e9s. Toute commande r\u00e9alis\u00e9e sur le site internet <a href=\"https:\/\/shino-miniatures.fr\/\">https:\/\/shino-miniatures.fr<\/a> n\u00e9cessite que le CLIENT accepte pr\u00e9alablement et sans r\u00e9serve les Conditions G\u00e9n\u00e9rales de Vente dans leur int\u00e9gralit\u00e9.<\/p>\n\n\n\n<p>En cas de d\u00e9saccord avec les termes et conditions des Conditions G\u00e9n\u00e9rales de Vente, le CLIENT ne doit pas utiliser le Site Internet.<\/p>\n\n\n\n<p><strong>Shino Miniatures <\/strong>se r\u00e9serve le droit d\u2019adapter ou de modifier ses Conditions G\u00e9n\u00e9rales de Vente \u00e0 tout moment et sans pr\u00e9avis, les adaptations ou modifications \u00e9tant alors applicables \u00e0 toutes commandes post\u00e9rieures aux adaptations ou modifications.<\/p>\n\n\n\n<p>En cas de modification, les Conditions G\u00e9n\u00e9rales de Vente applicables \u00e0 la commande du CLIENT sont celles qui \u00e9taient en ligne, et que le CLIENT a accept\u00e9es au jour de la passation de sa commande.<\/p>\n\n\n\n<h2 class=\"wp-block-heading\">Article 1 \u2013 D\u00e9finitions<\/h2>\n\n\n\n<p>Les termes et expressions identifi\u00e9s par une majuscule dans les Conditions G\u00e9n\u00e9rales de Vente ont la signification indiqu\u00e9e ci-apr\u00e8s (qu\u2019ils soient employ\u00e9s au singulier ou au pluriel).<\/p>\n\n\n\n<p><strong>Conditions G\u00e9n\u00e9rales de Vente <\/strong>: d\u00e9signent le pr\u00e9sent document, soit les termes et conditions s\u2019appliquant dans les relations entre <strong>Shino Miniatures <\/strong>et le CLIENT.<\/p>\n\n\n\n<p><strong>Commande <\/strong>: d\u00e9signe l\u2019ordre d\u2019achat du CLIENT portant sur un ou plusieurs Produit(s) ou Service(s) pass\u00e9 par utilisation du Site Internet <a href=\"https:\/\/shino-miniatures.fr\/\">https:\/\/shino-miniatures.fr<\/a><a href=\"https:\/\/shino-miniatures.fr\/\"> <\/a>ou via le Service Client<\/p>\n\n\n\n<p><strong>Site Internet <\/strong>: d\u00e9signe le site Internet accessible \u00e0 l\u2019adresse <a href=\"https:\/\/shino-miniatures.fr\/\">https:\/\/shino-miniatures.fr<\/a><\/p>\n\n\n\n<p><strong>Produit <\/strong>: d\u00e9signe un produit ou Service offert \u00e0 la vente sur le Site Internet <a href=\"https:\/\/shino-miniatures.fr\/\">https:\/\/shino-miniatures.fr<\/a><\/p>\n\n\n\n<p><strong>CLIENT <\/strong>: d\u00e9signe une Personne Physique ou Morale, consommateur, qui utilise le Site Internet <a href=\"https:\/\/shino-miniatures.fr\/\">https:\/\/shino-miniatures.fr<\/a><a href=\"https:\/\/shino-miniatures.fr\/\"> <\/a>et acquiert un ou plusieurs Produit(s), pour ses besoins personnels, en ayant pr\u00e9alablement adh\u00e9r\u00e9 aux Conditions G\u00e9n\u00e9rales de Vente.<\/p>\n\n\n\n<h2 class=\"wp-block-heading\">Article 2. Objet<\/h2>\n\n\n\n<p>Les pr\u00e9sentes Conditions G\u00e9n\u00e9rales de Vente visent \u00e0 d\u00e9finir les relations contractuelles entre <strong>Shino Miniatures <\/strong>et le CLIENT et les conditions applicables \u00e0 tout achat effectu\u00e9 par le biais du site internet <a href=\"https:\/\/shino-miniatures.fr\/\">https:\/\/shino-miniatures.fr<\/a><a href=\"https:\/\/shino-miniatures.fr\/\">.<\/a><\/p>\n\n\n\n<p>En acceptant ces Conditions G\u00e9n\u00e9rales de Ventes, vous d\u00e9clarez que vous avez atteint l\u2019\u00e2ge de la majorit\u00e9 dans votre pays, \u00c9tat ou province de r\u00e9sidence, et que vous nous avez donn\u00e9 votre consentement pour permettre \u00e0 toute personne d\u2019\u00e2ge mineur \u00e0 votre charge d\u2019acheter sur ce site de vente en ligne.<\/p>\n\n\n\n<p>L\u2019utilisation de nos produits \u00e0 toute fin ill\u00e9gale ou non autoris\u00e9e est interdite.<\/p>\n\n\n\n<p><strong>Shino Miniatures <\/strong>conserve la possibilit\u00e9 de modifier \u00e0 tout moment ces Conditions G\u00e9n\u00e9rales de Ventes, afin de respecter toute nouvelle r\u00e9glementation ou dans le but d\u2019am\u00e9liorer l\u2019utilisation de son site. De ce fait, les conditions applicables seront celles en vigueur \u00e0 la date de la commande par le CLIENT.<\/p>\n\n\n\n<h2 class=\"wp-block-heading\">Article 3. Tarifs<\/h2>\n\n\n\n<p>Les prix figurant sur les fiches produits du catalogue internet sont des prix en Euros (\u20ac) toutes taxes comprises (TTC). La TVA ne peut pas \u00eatre r\u00e9percut\u00e9 sur le prix des produits puisque le vendeur, <strong>Shino Miniatures<\/strong>, est un particulier. <strong>Shino Miniatures <\/strong>se r\u00e9serve le droit de modifier ses prix \u00e0 tout moment, \u00e9tant toutefois entendu que le prix figurant au catalogue le jour de la commande sera le seul applicable au CLIENT.<\/p>\n\n\n\n<p>Les produits demeurent la propri\u00e9t\u00e9 de <strong>Shino Miniatures<\/strong> jusqu\u2019au complet encaissement du prix par <a href=\"https:\/\/shino-miniatures.fr\/\">https:\/\/shino-miniatures.fr<\/a><a href=\"https:\/\/shino-miniatures.fr\/\">.<\/a><\/p>\n\n\n\n<p>Les produits en promotion seront signal\u00e9s par une indication \u00ab PROMO \u00bb, \u00ab PROMOTION \u00bb ou bien par un Prix barr\u00e9, nos promotions sont valables dans la limite des stocks disponibles au moment de la commande et durant la p\u00e9riode d\u2019affichage.&nbsp;<\/p>\n\n\n\n<p>Les prix des Produits indiqu\u00e9s sur le site <a href=\"https:\/\/shino-miniatures.fr\/\">https:\/\/shino-miniatures.fr<\/a> ne comprennent pas les frais de traitement et d\u2019exp\u00e9dition qui sont factur\u00e9s en suppl\u00e9ment du prix des Produits achet\u00e9s et suivant le montant total de la commande.<\/p>\n\n\n\n<h2 class=\"wp-block-heading\">Article 4. Commande<\/h2>\n\n\n\n<p>Les informations contractuelles sont pr\u00e9sent\u00e9es en langue fran\u00e7aise et feront l\u2019objet d\u2019une confirmation reprenant ces informations contractuelles au plus tard au moment de la livraison. <strong>Shino Miniatures <\/strong>se r\u00e9serve le droit d\u2019annuler ou de refuser toute commande d\u2019un client avec lequel il existerait un litige relatif au paiement d\u2019une commande ant\u00e9rieure.<\/p>\n\n\n\n<p>Pour commander des Produits sur le Site Internet <a href=\"https:\/\/shino-miniatures.fr\/\">https:\/\/shino-miniatures.fr<\/a>, le CLIENT doit cr\u00e9er un compte en fournissant les informations requises au formulaire d\u2019inscription.<\/p>\n\n\n\n<p>A cet effet, le CLIENT d\u00e9clare fournir des informations personnelles compl\u00e8tes, non erron\u00e9es de nature \u00e0 permettre de proc\u00e9der \u00e0 son identification pr\u00e9cise dans toute situation. Toute information personnelle fantaisiste, calomnieuse est susceptible d\u2019entra\u00eener la fermeture du compte du CLIENT et l\u2019annulation de sa Commande. La rubrique de cr\u00e9ation de compte est accessible directement depuis la barre de menu principal. A chaque visite, le CLIENT, s\u2019il souhaite commander ou consulter son compte (\u00e9tat des commandes, informations personnelles\u2026), devra s\u2019identifier \u00e0 l\u2019aide de ces informations.<\/p>\n\n\n\n<h2 class=\"wp-block-heading\">Article 5. Paiement<\/h2>\n\n\n\n<p>Le prix des Produits et les frais de pr\u00e9paration logistique et de livraison sont payables en totalit\u00e9 par le CLIENT au moment de la passation de la Commande. Le site internet <a href=\"https:\/\/shino-miniatures.fr\/\">https:\/\/shino-miniatures.fr<\/a> est susceptible de proposer au Client de r\u00e9gler sa commande par les moyens de paiement suivants :<\/p>\n\n\n\n<p><strong>. par Paypal :<\/strong><\/p>\n\n\n\n<p>Apr\u00e8s avoir choisi le mode de paiement par Paypal, le Client est redirig\u00e9 sur l\u2019interface s\u00e9curis\u00e9e du syst\u00e8me de paiement afin de renseigner en toute s\u00e9curit\u00e9 ses r\u00e9f\u00e9rences personnelle. Si le paiement est accept\u00e9, la commande est enregistr\u00e9e et le contrat d\u00e9finitivement form\u00e9.<\/p>\n\n\n\n<h2 class=\"wp-block-heading\">Article 6. Droit de R\u00e9tractation<\/h2>\n\n\n\n<p>Conform\u00e9ment \u00e0 l\u2019article L121-21 du Code de la consommation, le Client dispose d\u2019un d\u00e9lai de quatorze jours ouvrables \u00e0 compter de la date de r\u00e9ception de leur commande pour exercer son droit de r\u00e9tractation et ainsi faire retour du produit au vendeur pour \u00e9change ou remboursement sans p\u00e9nalit\u00e9.<\/p>\n\n\n\n<p>Les produits devront \u00eatre retourn\u00e9s dans leur emballage d\u2019origine, sans avoir \u00e9t\u00e9 utilis\u00e9s, accompagn\u00e9s du Bon de livraison initial sign\u00e9. Les frais de retour sont \u00e0 la charge du Client.<\/p>\n\n\n\n<h2 class=\"wp-block-heading\">Article 7. Livraison<\/h2>\n\n\n\n<p>La livraison des Produits interviendra, apr\u00e8s enregistrement du r\u00e8glement de la Commande, \u00e0 l\u2019adresse de livraison indiqu\u00e9e par le CLIENT au cours de la passation de la Commande. Un courrier \u00e9lectronique sera adress\u00e9 au CLIENT pour informer de l\u2019exp\u00e9dition des Produits. Le CLIENT dispose de la facult\u00e9 de choisir entre diff\u00e9rents moyens de livraison.<\/p>\n\n\n\n<p>Les frais de port sont calcul\u00e9s selon le mode de livraison retenu (domicile, point relais, bureau de poste\u2026), le poids du colis et lieu de destination. Les d\u00e9lais de livraison ne sont donn\u00e9s qu\u2019\u00e0 titre indicatif, si ceux-ci d\u00e9passent trente jours \u00e0 compter de la commande, le contrat de vente pourra \u00eatre r\u00e9sili\u00e9 et le Client rembours\u00e9.<\/p>\n\n\n\n<h2 class=\"wp-block-heading\">Article 8. Garantie<\/h2>\n\n\n\n<p>Il appartient au Client de v\u00e9rifier le bon \u00e9tat des Produits au moment de la livraison. Cette v\u00e9rification doit\uf291 <sup>+2<\/sup><\/p>\n\n\n\n<p>Cette page est en mode \u00ab Bient\u00f4t disponible \u00bb, elle n\u2019est visible que pour vous et ceux qui en ont le droit. Pour la rendre publique, <a href=\"https:\/\/shino-miniatures.fr\/ecom\/wp-admin\/admin.php?page=wc-settings&amp;tab=site-visibility\">modifiez les r\u00e9glages de visibilit <\/a>notamment porter sur la qualit\u00e9, les quantit\u00e9s et les r\u00e9f\u00e9rences des Produits ainsi que leur conformit\u00e9 \u00e0 la<\/p>\n\n\n\n<p>commande. Aucune r\u00e9clamation ne sera prise en compte apr\u00e8s un d\u00e9lai de trois jours \u00e0 compter de la livraison. En tout \u00e9tat de cause, toute r\u00e9clamation concernant les colis livr\u00e9s ne sera prise en compte que si le Client ayant la qualit\u00e9 de commer\u00e7ant a \u00e9mis des r\u00e9serves aupr\u00e8s du transporteur conform\u00e9ment aux articles L. 133-3 et suivants du Code de commerce.<\/p>\n\n\n\n<p>Tous les produits propos\u00e9s par la soci\u00e9t\u00e9 <strong>Shino Miniatures <\/strong>sur le site <a href=\"https:\/\/shino-miniatures.fr\/\">https:\/\/shino-miniatures.fr<\/a><a href=\"https:\/\/shino-miniatures.fr\/\"> <\/a>b\u00e9n\u00e9ficient de la garantie l\u00e9gale pr\u00e9vue par les articles 1641 et suivants du Code civil. En cas de non conformit\u00e9 d\u2019un produit vendu, il pourra \u00eatre retourn\u00e9 \u00e0 la soci\u00e9t\u00e9 <strong>Shino Miniatures<\/strong> qui le reprendra, l\u2019\u00e9changera ou le remboursera. Toutes les r\u00e9clamations, demandes d\u2019\u00e9change ou de remboursement doivent s\u2019effectuer par voie postale \u00e0 l\u2019[adresse] suivante : <strong>GARLIN Ludovic \u2013 208 route des Monts d\u2019Or 69250 Curis au Mont d\u2019Or<\/strong>, dans un d\u00e9lai de trente jours apr\u00e8s livraison.<\/p>\n\n\n\n<h2 class=\"wp-block-heading\">Article 9. Responsabilit\u00e9<\/h2>\n\n\n\n<p><strong>Shino Miniatures <\/strong>n\u2019a, pour toutes les \u00e9tapes d\u2019acc\u00e8s au site, du processus de commande, de livraison, de service client ou des services post\u00e9rieurs, qu\u2019une obligation de moyen. La responsabilit\u00e9 de <strong>Shino Miniatures <\/strong>ne saurait \u00eatre engag\u00e9e pour tous les inconv\u00e9nients ou dommages inh\u00e9rents \u00e0 l\u2019utilisation du r\u00e9seau internet, notamment perte de donn\u00e9es, intrusion, virus, rupture du service, et autres probl\u00e8mes involontaires, ou de tout fait qualifi\u00e9 de force majeure, conform\u00e9ment \u00e0 la jurisprudence. Les registres informatis\u00e9s conserv\u00e9s dans les syst\u00e8mes d\u2019information de <strong>Shino Miniatures <\/strong>dans des conditions raisonnables de s\u00e9curit\u00e9, seront consid\u00e9r\u00e9es comme des preuves de communication, des commandes et des paiements intervenues entre <strong>Shino Miniatures <\/strong>et le Client.<\/p>\n\n\n\n<h2 class=\"wp-block-heading\">Article 10 \u2013 S\u00e9curisation<\/h2>\n\n\n\n<p>Le site <a href=\"https:\/\/shino-miniatures.fr\/\">https:\/\/shino-miniatures.fr<\/a><a href=\"https:\/\/shino-miniatures.fr\/\"> <\/a>fait l\u2019objet d\u2019un syst\u00e8me de s\u00e9curisation : il a \u00e9t\u00e9 adopt\u00e9 le proc\u00e9d\u00e9 de cryptage SSL mais il a aussi \u00e9t\u00e9 renforc\u00e9 l\u2019ensemble des proc\u00e9d\u00e9s de brouillage et de cryptage pour prot\u00e9ger le plus efficacement possible toutes les donn\u00e9es sensibles li\u00e9es aux moyens de paiement.<\/p>\n\n\n\n<h2 class=\"wp-block-heading\">Article 11 \u2013 Propri\u00e9t\u00e9 intellectuelle<\/h2>\n\n\n\n<p>Tous les textes, commentaires, ouvrages, illustrations et images reproduits sur le site <a href=\"https:\/\/shino-miniatures.fr\/\">https:\/\/shino-miniatures.fr <\/a>sont r\u00e9serv\u00e9s au titre du droit d\u2019auteur ainsi qu\u2019au titre de la propri\u00e9t\u00e9 intellectuelle et pour le monde entier (\u00e0 l\u2019exception des produits d\u2019autres fournisseurs). \u00c0 ce titre et conform\u00e9ment aux dispositions du code de la propri\u00e9t\u00e9 intellectuelle, seule est autoris\u00e9e l\u2019utilisation pour un usage priv\u00e9, sous r\u00e9serve de dispositions diff\u00e9rentes, voire plus restrictives du code de la propri\u00e9t\u00e9 intellectuelle. Toute reproduction totale ou partielle du site shino-miniatures.fr est strictement interdite qu\u2019ils soient sous forme de photo, logo, visuel ou texte.<\/p>\n\n\n\n<h2 class=\"wp-block-heading\">Article 12. Donn\u00e9es \u00e0 caract\u00e8re personnel<\/h2>\n\n\n\n<p>Toutes les donn\u00e9es que vous confiez sur le site <a href=\"https:\/\/shino-miniatures.fr\/\">https:\/\/shino-miniatures.fr<\/a><a href=\"https:\/\/shino-miniatures.fr\/\"> <\/a>le sont afin de pouvoir traiter vos commandes.<\/p>\n\n\n\n<p>En vertu de la loi n\u00b078-17 du 6 janvier 1978 relative \u00e0 l\u2019informatique, aux fichiers et aux libert\u00e9s, vous disposez aupr\u00e8s du vendeur d\u2019un droit de rectification, de consultation ou de modification et de suppression des donn\u00e9es que vous nous avez communiqu\u00e9es. Ce droit peut \u00e9galement \u00eatre exerc\u00e9 en ligne.<\/p>\n\n\n\n<h2 class=\"wp-block-heading\">Article 13. Force majeure<\/h2>\n\n\n\n<p>L\u2019ex\u00e9cution par <strong>Shino Miniatures <\/strong>de tout ou partie de ses obligations, notamment de livraison, sera suspendue en cas de survenance d\u2019un cas fortuit ou de force majeure qui en g\u00eanerait ou en retarderait l\u2019ex\u00e9cution. Sont consid\u00e9r\u00e9s comme tels, notamment, sans que cette liste soit limitative, la guerre, les \u00e9meutes, l\u2019insurrection, les troubles sociaux, les gr\u00e8ves de toutes natures. <strong>Shino Miniatures <\/strong>informera les CLIENTS de la survenance d\u2019un cas fortuit ou de force majeure dans les sept jours de sa survenance. Au cas o\u00f9 cette suspension se poursuivrait au-del\u00e0 d\u2019un d\u00e9lai de quinze jours, le CLIENT aura la possibilit\u00e9 de r\u00e9silier la commande en cours, et il sera alors proc\u00e9d\u00e9 au remboursement du prix des Produits command\u00e9s et des frais de livraison pay\u00e9s.<\/p>\n\n\n\n<h2 class=\"wp-block-heading\">Article 14. Lois applicables et juridictions comp\u00e9tentes<\/h2>\n\n\n\n<p>Les Conditions G\u00e9n\u00e9rales de Vente sont soumises au droit fran\u00e7ais. Seule la version fran\u00e7aise des pr\u00e9sentes Conditions G\u00e9n\u00e9rales de Vente de vente fait foi. En cas de difficult\u00e9 survenant \u00e0 l\u2019occasion de la Commande, de la livraison des Produits et plus g\u00e9n\u00e9ralement de l\u2019ex\u00e9cution de la vente, le CLIENT aura la possibilit\u00e9, avant toute action en justice, de rechercher une solution amiable, notamment avec l\u2019aide d\u2019une association de consommateurs ou de tout autre conseil de son choix.<\/p>\n\n\n\n<h2 class=\"wp-block-heading\">Article 15. Service client<\/h2>\n\n\n\n<p>Pour toute information ou question sur une commande, le service client est \u00e0 votre disposition :<\/p>\n\n\n\n<p>Par t\u00e9l\u00e9phone : <strong>0 682 225 741<\/strong><\/p>\n\n\n\n<p>Par mail : <a href=\"mailto:webmaster@shino-miniatures.fr\">webmaster@shino-miniatures.fr<\/a><\/p>\n\n\n\n<p>Adresse postale : <strong>Shino Miniatures \u2013 GARLIN Ludovic \u2013 208 route des Monts d\u2019Or 69250 Curis au Mont d\u2019Or<\/strong>.<\/p>\n\n\n\n<p>Les CGV ci-dessus sont valides \u00e0 partir du 01\/12\/2025<\/p>\n","protected":false},"excerpt":{"rendered":"<p>Pr\u00e9ambule&nbsp; Le site de vente en ligne https:\/\/shino-miniatures.fr est g\u00e9r\u00e9 par le particulier GARLIN Ludovic situ\u00e9 \u00e0 69250 \u2013 Curis au Mont d\u2019Or sous le pseudonyme Shino Miniatures, pour r\u00e9aliser des ventes occasionnelles. Conform\u00e9ment \u00e0 la loi Fran\u00e7aise, au cas o\u00f9 les ventes d\u00e9passeraient les seuils pour un particulier, la cr\u00e9ation d\u2019une soci\u00e9t\u00e9 sera envisag\u00e9e. [&hellip;]<\/p>\n","protected":false},"author":1,"featured_media":0,"parent":0,"menu_order":0,"comment_status":"closed","ping_status":"closed","template":"","meta":{"footnotes":""},"class_list":["post-439","page","type-page","status-publish","hentry"],"yoast_head":"<!-- This site is optimized with the Yoast SEO plugin v27.5 - https:\/\/yoast.com\/product\/yoast-seo-wordpress\/ -->\n<title>CGV - Shino Miniatures<\/title>\n<meta name=\"robots\" content=\"index, follow, max-snippet:-1, max-image-preview:large, max-video-preview:-1\" \/>\n<link rel=\"canonical\" href=\"https:\/\/shino-miniatures.fr\/ecom\/cgv\/\" \/>\n<meta property=\"og:locale\" content=\"fr_FR\" \/>\n<meta property=\"og:type\" content=\"article\" \/>\n<meta property=\"og:title\" content=\"CGV - Shino Miniatures\" \/>\n<meta property=\"og:description\" content=\"Pr\u00e9ambule&nbsp; Le site de vente en ligne https:\/\/shino-miniatures.fr est g\u00e9r\u00e9 par le particulier GARLIN Ludovic situ\u00e9 \u00e0 69250 \u2013 Curis au Mont d\u2019Or sous le pseudonyme Shino Miniatures, pour r\u00e9aliser des ventes occasionnelles. Conform\u00e9ment \u00e0 la loi Fran\u00e7aise, au cas o\u00f9 les ventes d\u00e9passeraient les seuils pour un particulier, la cr\u00e9ation d\u2019une soci\u00e9t\u00e9 sera envisag\u00e9e. [&hellip;]\" \/>\n<meta property=\"og:url\" content=\"https:\/\/shino-miniatures.fr\/ecom\/cgv\/\" \/>\n<meta property=\"og:site_name\" content=\"Shino Miniatures\" \/>\n<meta property=\"article:modified_time\" content=\"2025-12-06T21:29:09+00:00\" \/>\n<meta name=\"twitter:card\" content=\"summary_large_image\" \/>\n<meta name=\"twitter:label1\" content=\"Dur\u00e9e de lecture estim\u00e9e\" \/>\n\t<meta name=\"twitter:data1\" content=\"11 minutes\" \/>\n<script type=\"application\/ld+json\" class=\"yoast-schema-graph\">{\"@context\":\"https:\\\/\\\/schema.org\",\"@graph\":[{\"@type\":\"WebPage\",\"@id\":\"https:\\\/\\\/shino-miniatures.fr\\\/ecom\\\/cgv\\\/\",\"url\":\"https:\\\/\\\/shino-miniatures.fr\\\/ecom\\\/cgv\\\/\",\"name\":\"CGV - Shino Miniatures\",\"isPartOf\":{\"@id\":\"https:\\\/\\\/shino-miniatures.fr\\\/ecom\\\/#website\"},\"datePublished\":\"2025-12-06T21:29:04+00:00\",\"dateModified\":\"2025-12-06T21:29:09+00:00\",\"breadcrumb\":{\"@id\":\"https:\\\/\\\/shino-miniatures.fr\\\/ecom\\\/cgv\\\/#breadcrumb\"},\"inLanguage\":\"fr-FR\",\"potentialAction\":[{\"@type\":\"ReadAction\",\"target\":[\"https:\\\/\\\/shino-miniatures.fr\\\/ecom\\\/cgv\\\/\"]}]},{\"@type\":\"BreadcrumbList\",\"@id\":\"https:\\\/\\\/shino-miniatures.fr\\\/ecom\\\/cgv\\\/#breadcrumb\",\"itemListElement\":[{\"@type\":\"ListItem\",\"position\":1,\"name\":\"Home\",\"item\":\"https:\\\/\\\/shino-miniatures.fr\\\/ecom\\\/\"},{\"@type\":\"ListItem\",\"position\":2,\"name\":\"CGV\"}]},{\"@type\":\"WebSite\",\"@id\":\"https:\\\/\\\/shino-miniatures.fr\\\/ecom\\\/#website\",\"url\":\"https:\\\/\\\/shino-miniatures.fr\\\/ecom\\\/\",\"name\":\"Shino Miniatures\",\"description\":\"Site de vente d&#039;impressions de figurines\",\"publisher\":{\"@id\":\"https:\\\/\\\/shino-miniatures.fr\\\/ecom\\\/#organization\"},\"potentialAction\":[{\"@type\":\"SearchAction\",\"target\":{\"@type\":\"EntryPoint\",\"urlTemplate\":\"https:\\\/\\\/shino-miniatures.fr\\\/ecom\\\/?s={search_term_string}\"},\"query-input\":{\"@type\":\"PropertyValueSpecification\",\"valueRequired\":true,\"valueName\":\"search_term_string\"}}],\"inLanguage\":\"fr-FR\"},{\"@type\":\"Organization\",\"@id\":\"https:\\\/\\\/shino-miniatures.fr\\\/ecom\\\/#organization\",\"name\":\"Shino Miniatures\",\"url\":\"https:\\\/\\\/shino-miniatures.fr\\\/ecom\\\/\",\"logo\":{\"@type\":\"ImageObject\",\"inLanguage\":\"fr-FR\",\"@id\":\"https:\\\/\\\/shino-miniatures.fr\\\/ecom\\\/#\\\/schema\\\/logo\\\/image\\\/\",\"url\":\"https:\\\/\\\/shino-miniatures.fr\\\/ecom\\\/wp-content\\\/uploads\\\/2025\\\/12\\\/logo-shino.png\",\"contentUrl\":\"https:\\\/\\\/shino-miniatures.fr\\\/ecom\\\/wp-content\\\/uploads\\\/2025\\\/12\\\/logo-shino.png\",\"width\":114,\"height\":122,\"caption\":\"Shino Miniatures\"},\"image\":{\"@id\":\"https:\\\/\\\/shino-miniatures.fr\\\/ecom\\\/#\\\/schema\\\/logo\\\/image\\\/\"}}]}<\/script>\n<!-- \/ Yoast SEO plugin. -->","yoast_head_json":{"title":"CGV - Shino Miniatures","robots":{"index":"index","follow":"follow","max-snippet":"max-snippet:-1","max-image-preview":"max-image-preview:large","max-video-preview":"max-video-preview:-1"},"canonical":"https:\/\/shino-miniatures.fr\/ecom\/cgv\/","og_locale":"fr_FR","og_type":"article","og_title":"CGV - Shino Miniatures","og_description":"Pr\u00e9ambule&nbsp; Le site de vente en ligne https:\/\/shino-miniatures.fr est g\u00e9r\u00e9 par le particulier GARLIN Ludovic situ\u00e9 \u00e0 69250 \u2013 Curis au Mont d\u2019Or sous le pseudonyme Shino Miniatures, pour r\u00e9aliser des ventes occasionnelles. Conform\u00e9ment \u00e0 la loi Fran\u00e7aise, au cas o\u00f9 les ventes d\u00e9passeraient les seuils pour un particulier, la cr\u00e9ation d\u2019une soci\u00e9t\u00e9 sera envisag\u00e9e. [&hellip;]","og_url":"https:\/\/shino-miniatures.fr\/ecom\/cgv\/","og_site_name":"Shino Miniatures","article_modified_time":"2025-12-06T21:29:09+00:00","twitter_card":"summary_large_image","twitter_misc":{"Dur\u00e9e de lecture estim\u00e9e":"11 minutes"},"schema":{"@context":"https:\/\/schema.org","@graph":[{"@type":"WebPage","@id":"https:\/\/shino-miniatures.fr\/ecom\/cgv\/","url":"https:\/\/shino-miniatures.fr\/ecom\/cgv\/","name":"CGV - Shino Miniatures","isPartOf":{"@id":"https:\/\/shino-miniatures.fr\/ecom\/#website"},"datePublished":"2025-12-06T21:29:04+00:00","dateModified":"2025-12-06T21:29:09+00:00","breadcrumb":{"@id":"https:\/\/shino-miniatures.fr\/ecom\/cgv\/#breadcrumb"},"inLanguage":"fr-FR","potentialAction":[{"@type":"ReadAction","target":["https:\/\/shino-miniatures.fr\/ecom\/cgv\/"]}]},{"@type":"BreadcrumbList","@id":"https:\/\/shino-miniatures.fr\/ecom\/cgv\/#breadcrumb","itemListElement":[{"@type":"ListItem","position":1,"name":"Home","item":"https:\/\/shino-miniatures.fr\/ecom\/"},{"@type":"ListItem","position":2,"name":"CGV"}]},{"@type":"WebSite","@id":"https:\/\/shino-miniatures.fr\/ecom\/#website","url":"https:\/\/shino-miniatures.fr\/ecom\/","name":"Shino Miniatures","description":"Site de vente d&#039;impressions de figurines","publisher":{"@id":"https:\/\/shino-miniatures.fr\/ecom\/#organization"},"potentialAction":[{"@type":"SearchAction","target":{"@type":"EntryPoint","urlTemplate":"https:\/\/shino-miniatures.fr\/ecom\/?s={search_term_string}"},"query-input":{"@type":"PropertyValueSpecification","valueRequired":true,"valueName":"search_term_string"}}],"inLanguage":"fr-FR"},{"@type":"Organization","@id":"https:\/\/shino-miniatures.fr\/ecom\/#organization","name":"Shino Miniatures","url":"https:\/\/shino-miniatures.fr\/ecom\/","logo":{"@type":"ImageObject","inLanguage":"fr-FR","@id":"https:\/\/shino-miniatures.fr\/ecom\/#\/schema\/logo\/image\/","url":"https:\/\/shino-miniatures.fr\/ecom\/wp-content\/uploads\/2025\/12\/logo-shino.png","contentUrl":"https:\/\/shino-miniatures.fr\/ecom\/wp-content\/uploads\/2025\/12\/logo-shino.png","width":114,"height":122,"caption":"Shino Miniatures"},"image":{"@id":"https:\/\/shino-miniatures.fr\/ecom\/#\/schema\/logo\/image\/"}}]}},"jetpack_sharing_enabled":true,"_links":{"self":[{"href":"https:\/\/shino-miniatures.fr\/ecom\/wp-json\/wp\/v2\/pages\/439","targetHints":{"allow":["GET"]}}],"collection":[{"href":"https:\/\/shino-miniatures.fr\/ecom\/wp-json\/wp\/v2\/pages"}],"about":[{"href":"https:\/\/shino-miniatures.fr\/ecom\/wp-json\/wp\/v2\/types\/page"}],"author":[{"embeddable":true,"href":"https:\/\/shino-miniatures.fr\/ecom\/wp-json\/wp\/v2\/users\/1"}],"replies":[{"embeddable":true,"href":"https:\/\/shino-miniatures.fr\/ecom\/wp-json\/wp\/v2\/comments?post=439"}],"version-history":[{"count":1,"href":"https:\/\/shino-miniatures.fr\/ecom\/wp-json\/wp\/v2\/pages\/439\/revisions"}],"predecessor-version":[{"id":440,"href":"https:\/\/shino-miniatures.fr\/ecom\/wp-json\/wp\/v2\/pages\/439\/revisions\/440"}],"wp:attachment":[{"href":"https:\/\/shino-miniatures.fr\/ecom\/wp-json\/wp\/v2\/media?parent=439"}],"curies":[{"name":"wp","href":"https:\/\/api.w.org\/{rel}","templated":true}]}}